{"id":1066,"date":"2018-04-03T08:03:50","date_gmt":"2018-04-03T08:03:50","guid":{"rendered":"http:\/\/dev.alvarezyasociados.com\/clinica-alvarez\/?page_id=1066"},"modified":"2021-04-27T18:42:32","modified_gmt":"2021-04-27T18:42:32","slug":"dra-alvarez-2","status":"publish","type":"page","link":"http:\/\/www.alvarezyasociados.com\/home\/?page_id=1066","title":{"rendered":"Dra. \u00c1lvarez"},"content":{"rendered":"<div class=\"wpb-content-wrapper\"><p>[vc_row][vc_column][vc_single_image image=&#8221;1070&#8243; img_size=&#8221;large&#8221; alignment=&#8221;center&#8221;][\/vc_column][\/vc_row][vc_row][vc_column][vc_text_separator title=&#8221;Dra. Mar\u00eda Jes\u00fas \u00c1lvarez \u00c1lvarez&#8221; color=&#8221;turquoise&#8221; el_width=&#8221;30&#8243;][\/vc_column][\/vc_row][vc_row gap=&#8221;5&#8243;][vc_column][vc_column_text]<\/p>\n<p style=\"text-align: center;\"><span style=\"color: #379699;\"><strong>Provincias de actuaci\u00f3n<\/strong><\/span> : Lugo y Pontevedra<\/p>\n<p style=\"text-align: center;\"><strong><span style=\"color: #379699;\">Correo Electr\u00f3nico<\/span>\u00a0<\/strong>:\u00a0<span class=\"s1\">infoclinica@alvarezyasociados.com<\/span><\/p>\n<p style=\"text-align: center;\"><span style=\"color: #379699;\"><strong>Tel\u00e9fono Profesional<\/strong><\/span>\u00a0:\u00a0982 812 622<\/p>\n<p style=\"text-align: center;\"><span style=\"color: #379699;\"><strong>Direcci\u00f3n de consulta\/s\u00a0<\/strong>:<\/span><\/p>\n<p style=\"text-align: center;\"><strong>\u00a0 \u00a0 \u00a0 \u00a0 \u00a0 \u00a0 \u00a0<span style=\"color: #5ccacd;\">Cl\u00ednica \u00c1lvarez y asociados<\/span><\/strong>\u00a0\u2013 Calle Doutor Ya\u00f1ez Rebolo, 8 Bajo -27004 (Lugo)<\/p>\n<p style=\"text-align: center;\"><strong>\u00a0 \u00a0 \u00a0 \u00a0<span style=\"color: #5ccacd;\">Hospital Quir\u00f3nsalud Miguel Dom\u00ednguez<\/span><\/strong>\u00a0\u2013 Calle Frei Xo\u00e1n de Navarrete, 9 \u2013 36001 (Pontevedra)<\/p>\n<p style=\"text-align: center;\"><strong><span style=\"color: #5ccacd;\">Sanatorio NSOG &#8211; Hospital Quir\u00f3nsalud Lugo <\/span><\/strong>\u2013 Calle Montevideo, 23 &#8211; 27001 (Lugo)<\/p>\n<p style=\"text-align: center;\"><span style=\"color: #379699;\"><b>Breve CV<\/b>\u00a0:<\/span><\/p>\n<p class=\"p1\" style=\"text-align: center;\">\u00a0 \u00a0 \u00a0 \u00a0 \u00a0 \u00a0<span style=\"color: #5ccacd;\">.\u00a0<strong>Licenciada<\/strong><\/span>\u00a0en Medicina y Cirug\u00eda General por Universidad de Valladolid en el a\u00f1o 1991.<\/p>\n<p class=\"p1\" style=\"text-align: center;\">\u00a0 \u00a0 \u00a0 \u00a0 \u00a0 \u00a0<span style=\"color: #5ccacd;\">.\u00a0<strong>M\u00e9dico especialista<\/strong><\/span>\u00a0en Cirug\u00eda Pl\u00e1stica, Reparadora y Est\u00e9tica v\u00eda MIR en Hospital CHUS ( Santiago de Compostela) a\u00f1o 1997.<\/p>\n<p class=\"p1\" style=\"text-align: center;\">\u00a0 \u00a0 \u00a0 \u00a0 \u00a0 \u00a0<span style=\"color: #5ccacd;\">.\u00a0<strong>Actividad actual privada y\/o p\u00fablica :<\/strong><\/span>\u00a0 Direcci\u00f3n m\u00e9dica Cl\u00ednica \u00c1lvarez y asociados. \u00a0Jefatura de Servicio de Cirug\u00eda Pl\u00e1stica Hospital Quir\u00f3nSalud (Pontevedra).<\/p>\n<p class=\"p1\" style=\"text-align: center;\">\u00a0 \u00a0 \u00a0 \u00a0 \u00a0 \u00a0<span style=\"color: #5ccacd;\">.\u00a0<strong>Sociedades cient\u00edficas :<\/strong><\/span>\u00a0SGCPRE, SECPRE , AECEP y FILACP.<\/p>\n<p class=\"p1\" style=\"text-align: center;\">\u00a0 \u00a0 \u00a0 \u00a0 \u00a0 <span style=\"color: #5ccacd;\">\u00a0.\u00a0<strong>Otros :<\/strong><\/span>\u00a0Premio especial residentes del CHUS en 1998.<\/p>\n<p>[\/vc_column_text][\/vc_column][\/vc_row][vc_row][vc_column][vc_empty_space height=&#8221;30px&#8221;][\/vc_column][\/vc_row][vc_row][vc_column]\t\t<!-- Container -->\n\t\t<div class=\"section-header-box\">\n\t\t\t<div class=\"container\">\n\t\t\t\t<!-- Section Header -->\n\t\t\t\t<div class=\"section-header\">\n\t\t\t\t\t<h3>Consultas \/ Quir\u00f3fanos<\/h3>\n\t\t\t\t<\/div><!-- Section Header \/- -->\n\t\t\t<\/div>\n\t\t<\/div>\n\t\t[\/vc_column][\/vc_row][vc_row gap=&#8221;20&#8243;][vc_column width=&#8221;1\/2&#8243; offset=&#8221;vc_hidden-sm vc_hidden-xs&#8221;][vc_column_text]<\/p>\n<h3 style=\"text-align: justify;\"><span style=\"color: #379699;\"><strong>Cl\u00ednica \u00c1lvarez y asociados<\/strong><\/span><\/h3>\n<h4 style=\"text-align: justify;\"><span style=\"color: #5ccacd;\"><i>Lugo<\/i><\/span><\/h4>\n<p style=\"text-align: justify;\">Cl\u00ednica \u00c1lvarez comenz\u00f3 a funcionar en el 2002 y es aqu\u00ed donde la Dra.\u00c1lvarez junto a su equipo de enfermeras, auxiliares y dietista ayudan a que el tratamiento de cada paciente sea integral desde una informaci\u00f3n previa en la consulta con la Doctora, pasando por la gesti\u00f3n de las pruebas preoperatorias y la consulta preanest\u00e9sica hasta los tratamientos postoperatorios m\u00e1s adecuados para una reincorporaci\u00f3n precoz a su vida habitual as\u00ed como al mejor mantenimiento de los resultados obtenidos.<\/p>\n<p>La Cl\u00ednica cuenta con varias salas de tratamientos y dispone de diferentes tipos de l\u00e1ser, as\u00ed como tecnolog\u00eda de radiofrecuencia y ultrasonidos. Las peque\u00f1as cirug\u00edas se realizan en el quir\u00f3fano de la propia Cl\u00ednica para comodidad de nuestros pacientes.<\/p>\n<p>[\/vc_column_text][\/vc_column][vc_column width=&#8221;1\/2&#8243; offset=&#8221;vc_hidden-sm vc_hidden-xs&#8221;][vc_single_image image=&#8221;962&#8243; img_size=&#8221;full&#8221; alignment=&#8221;center&#8221;][\/vc_column][\/vc_row][vc_row][vc_column offset=&#8221;vc_hidden-sm vc_hidden-xs&#8221;][vc_separator el_width=&#8221;50&#8243;][\/vc_column][\/vc_row][vc_row gap=&#8221;20&#8243;][vc_column width=&#8221;1\/2&#8243; offset=&#8221;vc_hidden-sm vc_hidden-xs&#8221;][vc_single_image image=&#8221;1353&#8243; img_size=&#8221;full&#8221; alignment=&#8221;center&#8221;][\/vc_column][vc_column width=&#8221;1\/2&#8243; offset=&#8221;vc_hidden-sm vc_hidden-xs&#8221;][vc_column_text]<\/p>\n<h3 style=\"text-align: left;\"><span style=\"color: #379699;\"><strong>Sanatorio Nosa Se\u00f1ora dos Ollos Grandes &#8211; Hospital Quir\u00f3nsalud<\/strong><\/span><\/h3>\n<h4 style=\"text-align: justify;\"><span style=\"color: #5ccacd;\"><em>Lugo<\/em><\/span><\/h4>\n<p style=\"text-align: justify;\">Desde 1998 los pacientes que desean ser operados en Lugo con la Dra. \u00c1lvarez pueden realizarlo en el Sanatorio Nosa Se\u00f1ora dos Ollos Grandes ahora Hospital Quir\u00f3nsalud Lugo.<\/p>\n<p>Las intervenciones quir\u00fargicas, ya sean en hospital de d\u00eda ( duermen en sus domicilios) o en la unidad de hospitalizaci\u00f3n ( se proporciona habitaci\u00f3n privada con cama para su\u00a0 acompa\u00f1ante para pasar una o dos noches) se llevan a cabo en este hospital, en el centro de la ciudad, con parking[\/vc_column_text][\/vc_column][\/vc_row][vc_row][vc_column offset=&#8221;vc_hidden-sm vc_hidden-xs&#8221;][vc_separator el_width=&#8221;50&#8243;][\/vc_column][\/vc_row][vc_row gap=&#8221;20&#8243;][vc_column width=&#8221;1\/2&#8243; offset=&#8221;vc_hidden-sm vc_hidden-xs&#8221;][vc_column_text]<\/p>\n<h3 style=\"text-align: justify;\"><span style=\"color: #379699;\"><strong>Hospital Quir\u00f3nsalud Miguel Dom\u00ednguez<\/strong><\/span><\/h3>\n<h4 style=\"text-align: justify;\"><span style=\"color: #5ccacd;\"><em>Pontevedra<\/em><\/span><\/h4>\n<p style=\"text-align: justify;\">Ahora la Dra \u00c1lvarez tambi\u00e9n te puede atender en Pontevedra pues es la jefa del servicio de cirug\u00eda pl\u00e1stica, reparadora y est\u00e9tica de este hospital del gran grupo Quir\u00f3n Salud. Contacta con nosotros y te gestionaremos la cita para tu consulta o tu cirug\u00eda.<\/p>\n<p>[\/vc_column_text][\/vc_column][vc_column width=&#8221;1\/2&#8243; offset=&#8221;vc_hidden-sm vc_hidden-xs&#8221;][vc_single_image image=&#8221;1040&#8243; img_size=&#8221;full&#8221; alignment=&#8221;center&#8221;][\/vc_column][\/vc_row][vc_row gap=&#8221;20&#8243;][vc_column offset=&#8221;vc_hidden-lg vc_hidden-md&#8221;][vc_column_text]<\/p>\n<h3 style=\"text-align: left;\"><span style=\"color: #379699;\"><strong>Cl\u00ednica \u00c1lvarez y asociados<\/strong><\/span><\/h3>\n<h4 style=\"text-align: left;\"><span style=\"color: #5ccacd;\"><i>Lugo<\/i><\/span><\/h4>\n<p style=\"text-align: justify;\">Cl\u00ednica \u00c1lvarez comenz\u00f3 a funcionar en el 2002 y es aqu\u00ed donde la Dra.\u00c1lvarez junto a su equipo de enfermeras, auxiliares y dietista ayudan a que el tratamiento de cada paciente sea integral desde una informaci\u00f3n previa en la consulta con la Doctora, pasando por la gesti\u00f3n de las pruebas preoperatorias y la consulta preanest\u00e9sica hasta los tratamientos postoperatorios m\u00e1s adecuados para una reincorporaci\u00f3n precoz a su vida habitual as\u00ed como al mejor mantenimiento de los resultados obtenidos.<\/p>\n<p>La Cl\u00ednica cuenta con varias salas de tratamientos y dispone de diferentes tipos de l\u00e1ser, as\u00ed como tecnolog\u00eda de radiofrecuencia y ultrasonidos. Las peque\u00f1as cirug\u00edas se realizan en el quir\u00f3fano de la propia Cl\u00ednica para comodidad de nuestros pacientes.[\/vc_column_text][vc_single_image image=&#8221;962&#8243; img_size=&#8221;full&#8221; alignment=&#8221;center&#8221;][\/vc_column][\/vc_row][vc_row][vc_column offset=&#8221;vc_hidden-lg vc_hidden-md&#8221;][vc_separator el_width=&#8221;50&#8243;][\/vc_column][\/vc_row][vc_row gap=&#8221;20&#8243;][vc_column offset=&#8221;vc_hidden-lg vc_hidden-md&#8221;][vc_column_text]<\/p>\n<h3 style=\"text-align: left;\"><span style=\"color: #379699;\"><strong>Sanatorio Nosa Se\u00f1ora dos Ollos Grandes &#8211; Hospital Quir\u00f3nsalud<\/strong><\/span><\/h3>\n<h4 style=\"text-align: justify;\"><span style=\"color: #5ccacd;\"><em>Lugo<\/em><\/span><\/h4>\n<p style=\"text-align: justify;\">Desde 1998 los pacientes que desean ser operados en Lugo con la Dra. \u00c1lvarez pueden realizarlo en el Sanatorio Nosa Se\u00f1ora dos Ollos Grandes ahora Hospital Quir\u00f3nsalud Lugo.<\/p>\n<p>Las intervenciones quir\u00fargicas, ya sean en hospital de d\u00eda ( duermen en sus domicilios) o en la unidad de hospitalizaci\u00f3n ( se proporciona habitaci\u00f3n privada con cama para su\u00a0 acompa\u00f1ante para pasar una o dos noches) se llevan a cabo en este hospital, en el centro de la ciudad, con parking[\/vc_column_text][vc_single_image image=&#8221;1353&#8243; img_size=&#8221;full&#8221; alignment=&#8221;center&#8221;][\/vc_column][\/vc_row][vc_row][vc_column offset=&#8221;vc_hidden-lg vc_hidden-md&#8221;][vc_separator el_width=&#8221;50&#8243;][\/vc_column][\/vc_row][vc_row gap=&#8221;20&#8243;][vc_column offset=&#8221;vc_hidden-lg vc_hidden-md&#8221;][vc_column_text]<\/p>\n<h3 style=\"text-align: left;\"><span style=\"color: #379699;\"><strong>Hospital Quir\u00f3nsalud Miguel Dom\u00ednguez<\/strong><\/span><\/h3>\n<h4 style=\"text-align: left;\"><span style=\"color: #5ccacd;\"><em>Pontevedra<\/em><\/span><\/h4>\n<p style=\"text-align: justify;\">Ahora la Dra \u00c1lvarez tambi\u00e9n te puede atender en Pontevedra pues es la jefa del servicio de cirug\u00eda pl\u00e1stica, reparadora y est\u00e9tica de este hospital del gran grupo Quir\u00f3n Salud. Contacta con nosotros y te gestionaremos la cita para tu consulta o tu cirug\u00eda.<\/p>\n<p>[\/vc_column_text][vc_single_image image=&#8221;1040&#8243; img_size=&#8221;full&#8221; alignment=&#8221;center&#8221;][\/vc_column][\/vc_row][vc_row][vc_column][vc_empty_space height=&#8221;120px&#8221;][\/vc_column][\/vc_row]<\/p>\n<\/div>","protected":false},"excerpt":{"rendered":"<p>[vc_row][vc_column][vc_single_image image=&#8221;1070&#8243; img_size=&#8221;large&#8221; alignment=&#8221;center&#8221;][\/vc_column][\/vc_row][vc_row][vc_column][vc_text_separator title=&#8221;Dra. Mar\u00eda Jes\u00fas \u00c1lvarez \u00c1lvarez&#8221; color=&#8221;turquoise&#8221; el_width=&#8221;30&#8243;][\/vc_column][\/vc_row][vc_row gap=&#8221;5&#8243;][vc_column][vc_column_text] Provincias de actuaci\u00f3n : Lugo y Pontevedra Correo Electr\u00f3nico\u00a0:\u00a0infoclinica@alvarezyasociados.com Tel\u00e9fono Profesional\u00a0:\u00a0982 812 622 Direcci\u00f3n de consulta\/s\u00a0: \u00a0 \u00a0 \u00a0 \u00a0 \u00a0 \u00a0 \u00a0Cl\u00ednica \u00c1lvarez y asociados\u00a0\u2013 Calle Doutor Ya\u00f1ez Rebolo, 8 Bajo -27004 (Lugo) \u00a0 \u00a0 \u00a0 \u00a0Hospital Quir\u00f3nsalud Miguel Dom\u00ednguez\u00a0\u2013 Calle Frei [&hellip;]<\/p>\n","protected":false},"author":1,"featured_media":0,"parent":0,"menu_order":0,"comment_status":"closed","ping_status":"closed","template":"","meta":{"footnotes":""},"class_list":["post-1066","page","type-page","status-publish","hentry"],"_links":{"self":[{"href":"http:\/\/www.alvarezyasociados.com\/home\/index.php?rest_route=\/wp\/v2\/pages\/1066","targetHints":{"allow":["GET"]}}],"collection":[{"href":"http:\/\/www.alvarezyasociados.com\/home\/index.php?rest_route=\/wp\/v2\/pages"}],"about":[{"href":"http:\/\/www.alvarezyasociados.com\/home\/index.php?rest_route=\/wp\/v2\/types\/page"}],"author":[{"embeddable":true,"href":"http:\/\/www.alvarezyasociados.com\/home\/index.php?rest_route=\/wp\/v2\/users\/1"}],"replies":[{"embeddable":true,"href":"http:\/\/www.alvarezyasociados.com\/home\/index.php?rest_route=%2Fwp%2Fv2%2Fcomments&post=1066"}],"version-history":[{"count":35,"href":"http:\/\/www.alvarezyasociados.com\/home\/index.php?rest_route=\/wp\/v2\/pages\/1066\/revisions"}],"predecessor-version":[{"id":1356,"href":"http:\/\/www.alvarezyasociados.com\/home\/index.php?rest_route=\/wp\/v2\/pages\/1066\/revisions\/1356"}],"wp:attachment":[{"href":"http:\/\/www.alvarezyasociados.com\/home\/index.php?rest_route=%2Fwp%2Fv2%2Fmedia&parent=1066"}],"curies":[{"name":"wp","href":"https:\/\/api.w.org\/{rel}","templated":true}]}}