{"id":416,"date":"2018-01-31T11:21:17","date_gmt":"2018-01-31T11:21:17","guid":{"rendered":"http:\/\/dev.alvarezyasociados.com\/clinica-alvarez\/?page_id=416"},"modified":"2024-06-06T10:40:53","modified_gmt":"2024-06-06T10:40:53","slug":"melanoma-y-otros-tumores-de-piel-2","status":"publish","type":"page","link":"http:\/\/www.alvarezyasociados.com\/home\/?page_id=416","title":{"rendered":"Melanoma"},"content":{"rendered":"<div class=\"wpb-content-wrapper\"><p>[vc_row][vc_column]\t<!-- About Section -->\n\t<div class=\"about-section container-fluid no-left-padding no-right-padding\">\n\t\t<!-- Container -->\n\t\t<div class=\"container\">\n\t\t\t<div class=\"row\">\n\t\t\t\t\t\t\t\t\t\t<div class=\"col-md-8 col-sm-7 col-xs-12\">\n\t\t\t\t\t\t\t<div class=\"about-content\">\n\t\t\t\t\t\t\t\t<h5>Melanoma y otros tumores de piel<\/h5>\n\t\t\t\t\t\t\t\t\t\t<p>El c\u00e1ncer de la piel es una enfermedad en la que se encuentran c\u00e9lulas cancerosas (malignas) en las capas exteriores de la piel. La piel protege al cuerpo contra el calor, la luz, infecciones y heridas. Tambi\u00e9n almacena agua, grasa y vitamina D.<\/p>\n<p>La piel est\u00e1 compuesta por dos capas principales y varias clases de c\u00e9lulas. La capa externa de la piel se llama la epidermis. Esta contiene tres clases de c\u00e9lulas: c\u00e9lulas planas en forma de escamas en la superficie llamadas c\u00e9lulas escamosas; c\u00e9lulas redondas llamadas c\u00e9lulas basales y unas c\u00e9lulas llamadas melanocitos las cuales le dan el color a la piel.<\/p>\n<p>La capa interna de la piel se llama la dermis. Esta capa es m\u00e1s gruesa y contiene vasos sangu\u00edneos, nervios y gl\u00e1ndulas sudor\u00edparas. El pelo (vello) de la piel tambi\u00e9n crece en unas bolsas diminutas de la dermis llamadas fol\u00edculos. La dermis produce el sudor, el cual ayuda a enfriar el cuerpo, y aceites que impiden la resequedad de la piel.<\/p>\n<p>Hay varios tipos de c\u00e1ncer que se originan en la piel. Los m\u00e1s comunes son el c\u00e1ncer de las c\u00e9lulas basales y el c\u00e1ncer de las c\u00e9lulas escamosas. Estos tipos de c\u00e1ncer de la piel se denominan c\u00e1nceres de la piel no-melanoma. El melanoma es un tipo de c\u00e1ncer de la piel que se origina en los melanocitos. No es tan com\u00fan como el c\u00e1ncer de las c\u00e9lulas basales o el c\u00e1ncer de la piel de c\u00e9lulas escamosas, pero es mucho m\u00e1s grave.<\/p>\n<p>El c\u00e1ncer de la piel es m\u00e1s com\u00fan entre las personas cuya piel es m\u00e1s blanca y han pasado mucho tiempo expuestas a los rayos solares. El c\u00e1ncer de la piel puede ocurrir en cualquier parte del cuerpo, pero es m\u00e1s com\u00fan en las \u00e1reas con mayor exposici\u00f3n a los rayos solares como la cara, el cuello, las manos y los brazos.<\/p>\n<p>El aspecto del c\u00e1ncer de la piel puede variar. El signo m\u00e1s com\u00fan del c\u00e1ncer de la piel es un cambio en el aspecto de la piel, como por ejemplo un crecimiento o herida que no sana. A veces puede haber una peque\u00f1a protuberancia. Esta protuberancia puede ser de apariencia suave, brillante y cerosa, o puede ser roja o marr\u00f3n rojizo. El c\u00e1ncer de la piel tambi\u00e9n puede aparecer como una mancha roja \u00e1spera o escamosa. No todos los cambios en la piel significan que se tiene c\u00e1ncer; sin embargo, se deber\u00e1 ver al m\u00e9dico cuando note alg\u00fan cambio.<\/p>\n<p>Si la persona tiene una mancha o protuberancia en la piel, el m\u00e9dico puede extraerla para analizar el tejido en el microscopio. Este procedimiento se conoce como biopsia. La biopsia generalmente puede llevarse a cabo en el consultorio m\u00e9dico. Antes de la biopsia, se administra un anest\u00e9sico local para adormecer el \u00e1rea durante un corto per\u00edodo.<\/p>\n<p>La mayor\u00eda de los c\u00e1nceres de la piel de tipo no melanoma pueden curarse. La probabilidad de su recuperaci\u00f3n (pron\u00f3stico) y elecci\u00f3n de tratamiento depender\u00e1n del tipo de c\u00e1ncer de la piel que se tenga y qu\u00e9 tanto se ha diseminado.<\/p>\n<p>Otros tipos de c\u00e1ncer que pueden afectar la piel son el linfoma cut\u00e1neo de las c\u00e9lulas T, un c\u00e1ncer del sistema linf\u00e1tico, y el sarcoma de Kaposi. Los c\u00e1nceres que se han originado en otras partes del cuerpo tambi\u00e9n pueden diseminarse (por met\u00e1stasis) a la piel. <\/p>\n\t\t\t\t\t\t\t<\/div>\n\t\t\t\t\t\t<\/div>\n\t\t\t\t\t\t\t\t\t<\/div>\n\t\t<\/div><!-- Container \/- -->\n\t<\/div><!-- About Section -->\n\t[\/vc_column][\/vc_row][vc_row][vc_column][vc_empty_space][\/vc_column][\/vc_row][vc_row][vc_column][vc_tta_accordion style=&#8221;modern&#8221; shape=&#8221;square&#8221; color=&#8221;turquoise&#8221; active_section=&#8221;1&#8243;][vc_tta_section title=&#8221;Tipos de c\u00e1ncer de piel&#8221; tab_id=&#8221;1517486580066-0e08b9da-c1ac&#8221;][vc_column_text]Una vez detectado el c\u00e1ncer de la piel, deber\u00e1n realizarse m\u00e1s pruebas para determinar si el c\u00e1ncer se ha diseminado. Este procedimiento se llama clasificaci\u00f3n por etapas. El m\u00e9dico necesita saber la etapa y el tipo del c\u00e1ncer de la piel para planificar el tratamiento adecuado. Las siguientes etapas se emplean para la clasificaci\u00f3n del tratamiento.<\/p>\n<p>&nbsp;<\/p>\n<p><strong>C\u00e1ncer de las c\u00e9lulas basales (basalioma o carcinoma basocelular)<\/strong><\/p>\n<p>El c\u00e1ncer de las c\u00e9lulas basales es el tipo m\u00e1s com\u00fan de c\u00e1ncer de la piel no melanoma. Por lo general se da en \u00e1reas de la piel que han estado expuestas al sol. A menudo este c\u00e1ncer aparece en forma de un abultamiento con una apariencia suave y nacarada. Otro tipo de este c\u00e1ncer tiene un aspecto de cicatriz, y es firme al tacto. Los c\u00e1nceres de c\u00e9lulas basales pueden diseminarse a los tejidos alrededor del c\u00e1ncer, pero por lo general no se diseminan a otras partes del cuerpo.<\/p>\n<p>&nbsp;<\/p>\n<p><strong>Carcinoma de c\u00e9lulas escamosas (carcinoma espinocelular)<\/strong><\/p>\n<p>Los tumores de las c\u00e9lulas escamosas tambi\u00e9n se dan en \u00e1reas de la piel que han estado expuestas al sol, a menudo en la parte superior de la nariz, la frente, el labio inferior y las manos. Tambi\u00e9n pueden aparecer en \u00e1reas de la piel que se han quemado, han estado expuestas a productos qu\u00edmicos o a radioterapia. Por lo general este c\u00e1ncer aparece como un abultamiento rojizo y duro. A veces el tumor puede tener un aspecto escamoso, o puede sangrar o desarrollar una costra. Los tumores de c\u00e9lulas escamosas pueden diseminarse a los n\u00f3dulos linf\u00e1ticos en el \u00e1rea (los n\u00f3dulos linf\u00e1ticos son estructuras peque\u00f1as que se encuentran en todo el cuerpo y cuya funci\u00f3n es producir y almacenar c\u00e9lulas que combaten la infecci\u00f3n).<\/p>\n<p>&nbsp;<\/p>\n<p><strong>Queratosis act\u00ednica<\/strong><\/p>\n<p>La queratosis act\u00ednica es un trastorno no canceroso de la piel pero que en algunas personas puede convertirse en c\u00e1ncer de las c\u00e9lulas basales o c\u00e1ncer de las c\u00e9lulas escamosas. Aparece en la piel en forma de parches escamosos y \u00e1speros, de color rojo o marr\u00f3n, generalmente en las \u00e1reas que han sido expuestas al sol.<\/p>\n<p>&nbsp;<\/p>\n<p><strong>Recurrencia o recidiva<\/strong><\/p>\n<p>La enfermedad recurrente significa que el c\u00e1ncer ha vuelto a aparecer (recurrido) despu\u00e9s de haber sido tratado.[\/vc_column_text][\/vc_tta_section][vc_tta_section title=&#8221;Tratamiento del c\u00e1ncer de la piel&#8221; tab_id=&#8221;1517486580094-4e7d1ddd-8104&#8243;][vc_column_text]Existen tratamientos para todos los pacientes con c\u00e1ncer de la piel. Se emplean tres clases de tratamientos:<\/p>\n<ul>\n<li>Cirug\u00eda (extracci\u00f3n del c\u00e1ncer).<\/li>\n<li>Quimioterapia (uso de medicamentos para eliminar las c\u00e9lulas cancerosas).<\/li>\n<li>Radioterapia (uso de rayos X para eliminar las c\u00e9lulas cancerosas).<\/li>\n<\/ul>\n<p>Varios c\u00e1nceres de la piel son tratados por m\u00e9dicos especialistas en enfermedades de la piel (dermat\u00f3logos, cirujanos pl\u00e1sticos). Por lo general el c\u00e1ncer puede tratarse en el consultorio m\u00e9dico.<\/p>\n<p>La cirug\u00eda es el tratamiento m\u00e1s com\u00fan para el c\u00e1ncer de la piel. El m\u00e9dico puede extraer el c\u00e1ncer empleando alguno de los siguientes m\u00e9todos:<\/p>\n<ul>\n<li>Electrodesecaci\u00f3n y curetaje. Operaci\u00f3n en la que se usa corriente el\u00e9ctrica para deshidratar el tumor, (electrodesecaci\u00f3n), y luego se usa un instrumento especializado llamado cureta, para extraer el tumor.<\/li>\n<li>Criocirug\u00eda. Operaci\u00f3n en la que se congela y destruye el tumor.<\/li>\n<li>Escisi\u00f3n simple. Operaci\u00f3n en la que se extrae el c\u00e1ncer de la piel junto con parte del tejido sano situado alrededor de \u00e9ste.<\/li>\n<li>Cirug\u00eda microgr\u00e1fica. Operaci\u00f3n en la que se extrae el c\u00e1ncer y la menor cantidad de tejido normal posible. Durante esta cirug\u00eda, el m\u00e9dico extrae el c\u00e1ncer y luego emplea un microscopio para analizar el \u00e1rea cancerosa para asegurarse que no quede ninguna c\u00e9lula cancerosa.<\/li>\n<\/ul>\n<p>La cirug\u00eda puede dejar una cicatriz en la piel. Dependiendo del tama\u00f1o del c\u00e1ncer, se puede tomar piel de otra parte del cuerpo para ponerse en el \u00e1rea donde se extrajo el c\u00e1ncer. Este procedimiento se denomina un injerto de piel. Existen nuevos m\u00e9todos quir\u00fargicos o injertos a trav\u00e9s de los cuales se pueden reducir las cicatrices.<\/p>\n<p>La radioterapia consiste en el uso de rayos X para eliminar c\u00e9lulas cancerosas y reducir tumores. La radioterapia para el c\u00e1ncer de la piel proviene de una m\u00e1quina afuera del cuerpo (radioterapia externa).<\/p>\n<p>La quimioterapia consiste en el uso de medicamentos para eliminar c\u00e9lulas cancerosas. El tratamiento de quimioterapia a menudo se administra por medio de una crema o loci\u00f3n aplicada en la piel para eliminar las c\u00e9lulas cancerosas (quimioterapia t\u00f3pica). La quimioterapia tambi\u00e9n puede ser a base de pastillas, o puede introducirse en el cuerpo a trav\u00e9s de una aguja en una vena o m\u00fasculo. La quimioterapia administrada de esta manera se denomina un tratamiento sist\u00e9mico ya que el medicamento se introduce en el torrente sangu\u00edneo, viaja a trav\u00e9s del cuerpo y puede destruir las c\u00e9lulas cancerosas situadas fuera de la piel. La quimioterapia sist\u00e9mica est\u00e1 siendo evaluada en pruebas cl\u00ednicas.<\/p>\n<p>El prop\u00f3sito de la terapia biol\u00f3gica es el de tratar de que el cuerpo mismo combata el c\u00e1ncer. En la terapia biol\u00f3gica se emplean sustancias producidas por el propio cuerpo o fabricadas en un laboratorio para impulsar, dirigir o restaurar las defensas naturales del cuerpo contra la enfermedad. La terapia biol\u00f3gica tambi\u00e9n se conoce como terapia modificadora de la respuesta biol\u00f3gica o inmunoterapia (BRM).<\/p>\n<p>En la terapia fotodin\u00e1mica se emplea un cierto tipo de luz y qu\u00edmicos especiales para eliminar las c\u00e9lulas cancerosas.<\/p>\n<p>El tratamiento para el c\u00e1ncer de la piel depender\u00e1 del tipo y etapa de la enfermedad, su edad y salud en general. El paciente podr\u00eda recibir un tratamiento que se considera est\u00e1ndar seg\u00fan los resultados obtenidos por varios pacientes en pruebas anteriores, o podr\u00eda optar por participar en una prueba cl\u00ednica. No todos los pacientes se curan con terapia est\u00e1ndar y algunos tratamientos est\u00e1ndar podr\u00edan tener m\u00e1s efectos secundarios de los deseables. Por estas razones, las pruebas cl\u00ednicas est\u00e1n dise\u00f1adas para encontrar mejores formas de tratar a los pacientes con c\u00e1ncer y se basan en la informaci\u00f3n m\u00e1s actualizada.<\/p>\n<p>Tratamiento del carcinoma basocelular<\/p>\n<p>El paciente podr\u00eda recibir alguno de los siguientes tratamientos:<\/p>\n<ul>\n<li>Cirug\u00eda microgr\u00e1fica. Donde se extrae el c\u00e1ncer y la menor cantidad de tejido normal posible. Durante el proceso el m\u00e9dico extrae el c\u00e1ncer y luego utiliza un macrosc\u00f3pico para analizar el \u00e1rea de la cirug\u00eda y asegurarse de que no quede ninguna c\u00e9lula cancerosa.<\/li>\n<li>Cirug\u00eda en la que se extrae el c\u00e1ncer de la piel y algunos de los tejidos sanos circundantes.<\/li>\n<li>Electrodesecaci\u00f3n y curetaje. Operaci\u00f3n en la que se usa corriente el\u00e9ctrica para deshidratar el tumor, (electrodesecaci\u00f3n), y luego se usa un instrumento especializado llamado cureta, para extraer el tumor.<\/li>\n<li>Criocirug\u00eda. Cirug\u00eda que consiste en congelar y matar el c\u00e1ncer.<\/li>\n<li>Radioterapia.<\/li>\n<li>Quimioterapia t\u00f3pica.<\/li>\n<li>Pruebas cl\u00ednicas de quimioprevenci\u00f3n.<\/li>\n<li>Pruebas cl\u00ednicas de terapia biol\u00f3gica.<\/li>\n<li>Terapia fotodin\u00e1mica, t\u00e9cnica en la que se utilizan f\u00e1rmacos fotosensitivos para eliminar el c\u00e1ncer.<\/li>\n<\/ul>\n<p>Es importante hacerse examinar la piel regularmente de tal manera que el c\u00e1ncer se pueda tratar en caso de que llegase a reaparecer (recurrir).[\/vc_column_text][\/vc_tta_section][vc_tta_section title=&#8221;Tratamiento del carcinoma espinocelular&#8221; tab_id=&#8221;1517486668433-7f2147fd-c16d&#8221;][vc_column_text]El paciente podr\u00eda recibir alguno de los siguientes tratamientos:<\/p>\n<ul>\n<li>Cirug\u00eda microgr\u00e1fica. Donde se extrae el c\u00e1ncer y la menor cantidad de tejido normal posible. Durante el proceso el m\u00e9dico extrae el c\u00e1ncer y luego utiliza un macrosc\u00f3pico para analizar el \u00e1rea de la cirug\u00eda y asegurarse de que no quede ninguna c\u00e9lula cancerosa.<\/li>\n<li>Cirug\u00eda en la que se extrae el c\u00e1ncer de la piel y algunos de los tejidos sanos circundantes.<\/li>\n<li>Electrodesecaci\u00f3n y curetaje. Operaci\u00f3n en la que se usa corriente el\u00e9ctrica para deshidratar el tumor, (electrodesecaci\u00f3n), y luego se usa un instrumento especializado llamado cureta, para extraer el tumor.<\/li>\n<li>Criocirug\u00eda. Cirug\u00eda que consiste en congelar y matar el c\u00e1ncer.<\/li>\n<li>Radioterapia.<\/li>\n<li>Quimioterapia t\u00f3pica.<\/li>\n<li>Pruebas cl\u00ednicas de terapia biol\u00f3gica con o sin terapia de quimioprevenci\u00f3n.<\/li>\n<\/ul>\n<p>Es importante hacerse examinar la piel regularmente de tal manera que el c\u00e1ncer se pueda tratar en caso de que llegase a reaparecer (recurrir).[\/vc_column_text][\/vc_tta_section][vc_tta_section title=&#8221;Tratamiento de la queratosis actinica&#8221; tab_id=&#8221;1517486734462-b1e1fa34-9b4a&#8221;][vc_column_text]El paciente podr\u00eda recibir alguno de los siguientes tratamientos:<\/p>\n<ul>\n<li>Quimioterapia t\u00f3pica<\/li>\n<li>Criocirug\u00eda. Cirug\u00eda que consiste en congelar y matar el c\u00e1ncer<\/li>\n<li>Electrodesecaci\u00f3n y curetaje. Operaci\u00f3n en la que se usa corriente el\u00e9ctrica para deshidratar el tumor, (electrodesecaci\u00f3n), y luego se usa un instrumento especializado llamado cureta, para extraer el tumor.<\/li>\n<li>Extracci\u00f3n de la capa externa de piel con una m\u00e1quina especial (dermabrasi\u00f3n).<\/li>\n<li>Raspar la capa externa de la piel (escisi\u00f3n de raspadura).<\/li>\n<li>Terapia de rayo l\u00e1ser. En este procedimiento se emplea un haz altamente concentrado de luz que destruye solo las c\u00e9lulas cancerosas.<\/li>\n<\/ul>\n<p>[\/vc_column_text][\/vc_tta_section][\/vc_tta_accordion][\/vc_column][\/vc_row][vc_row][vc_column][vc_empty_space height=&#8221;100px&#8221;][\/vc_column][\/vc_row][vc_row][vc_column width=&#8221;1\/4&#8243;][vc_btn title=&#8221;Extremidades inferiores&#8221; style=&#8221;outline&#8221; shape=&#8221;round&#8221; color=&#8221;turquoise&#8221; align=&#8221;center&#8221; link=&#8221;url:https%3A%2F%2Fwww.alvarezyasociados.com%2Fhome%2F%3Fpage_id%3D384|||&#8221;][\/vc_column][vc_column width=&#8221;1\/4&#8243;][vc_btn title=&#8221;Microcirug\u00eda&#8221; style=&#8221;outline&#8221; shape=&#8221;round&#8221; color=&#8221;turquoise&#8221; align=&#8221;center&#8221; link=&#8221;url:https%3A%2F%2Fwww.alvarezyasociados.com%2Fhome%2F%3Fpage_id%3D357|||&#8221;][\/vc_column][vc_column width=&#8221;1\/4&#8243;][vc_btn title=&#8221;Malformaciones cong\u00e9nitas&#8221; style=&#8221;outline&#8221; shape=&#8221;round&#8221; color=&#8221;turquoise&#8221; align=&#8221;center&#8221;][\/vc_column][vc_column width=&#8221;1\/4&#8243;][vc_btn title=&#8221;Quemaduras&#8221; style=&#8221;outline&#8221; shape=&#8221;round&#8221; color=&#8221;turquoise&#8221; align=&#8221;center&#8221;][\/vc_column][\/vc_row][vc_row][vc_column width=&#8221;1\/4&#8243;][vc_btn title=&#8221;Cirug\u00eda cr\u00e1neo-facial&#8221; style=&#8221;outline&#8221; shape=&#8221;round&#8221; color=&#8221;turquoise&#8221; align=&#8221;center&#8221; link=&#8221;|||&#8221;][\/vc_column][vc_column width=&#8221;1\/4&#8243;][vc_btn title=&#8221;Cirug\u00eda de la mano&#8221; style=&#8221;outline&#8221; shape=&#8221;round&#8221; color=&#8221;turquoise&#8221; align=&#8221;center&#8221; link=&#8221;|||&#8221;][\/vc_column][vc_column width=&#8221;1\/4&#8243;][vc_btn title=&#8221;Tejidos blandos&#8221; style=&#8221;outline&#8221; shape=&#8221;round&#8221; color=&#8221;turquoise&#8221; align=&#8221;center&#8221;][\/vc_column][vc_column width=&#8221;1\/4&#8243;][vc_btn title=&#8221;Reconstrucci\u00f3n mamaria&#8221; style=&#8221;outline&#8221; shape=&#8221;round&#8221; color=&#8221;turquoise&#8221; align=&#8221;center&#8221; link=&#8221;url:https%3A%2F%2Fwww.alvarezyasociados.com%2Fhome%2F%3Fpage_id%3D405|||&#8221;][\/vc_column][\/vc_row][vc_row][vc_column][vc_empty_space height=&#8221;60px&#8221;][\/vc_column][\/vc_row][vc_row][vc_column width=&#8221;1\/6&#8243; offset=&#8221;vc_col-lg-offset-2&#8243;][vc_btn title=&#8221;Pl\u00e1stica Reparadora&#8221; style=&#8221;custom&#8221; custom_background=&#8221;#6d6d6d&#8221; custom_text=&#8221;#ffffff&#8221; shape=&#8221;round&#8221; size=&#8221;sm&#8221; align=&#8221;center&#8221; link=&#8221;url:https%3A%2F%2Fwww.alvarezyasociados.com%2Fhome%2F%3Fpage_id%3D353|||&#8221;][\/vc_column][vc_column width=&#8221;1\/6&#8243;][vc_btn title=&#8221;Pl\u00e1stica Est\u00e9tica&#8221; style=&#8221;custom&#8221; custom_background=&#8221;#6d6d6d&#8221; custom_text=&#8221;#ffffff&#8221; shape=&#8221;round&#8221; size=&#8221;sm&#8221; align=&#8221;center&#8221; link=&#8221;url:https%3A%2F%2Fwww.alvarezyasociados.com%2Fhome%2F%3Fpage_id%3D359|||&#8221;][\/vc_column][vc_column width=&#8221;1\/6&#8243;][vc_btn title=&#8221;Est\u00e9tica y Nutrici\u00f3n&#8221; style=&#8221;custom&#8221; custom_background=&#8221;#6d6d6d&#8221; custom_text=&#8221;#ffffff&#8221; shape=&#8221;round&#8221; size=&#8221;sm&#8221; align=&#8221;center&#8221; link=&#8221;url:https%3A%2F%2Fwww.alvarezyasociados.com%2Fhome%2F%3Fpage_id%3D363|||&#8221;][\/vc_column][vc_column width=&#8221;1\/6&#8243;][vc_btn title=&#8221;Procedimientos Auxiliares&#8221; style=&#8221;custom&#8221; custom_background=&#8221;#6d6d6d&#8221; custom_text=&#8221;#ffffff&#8221; shape=&#8221;round&#8221; size=&#8221;sm&#8221; align=&#8221;center&#8221; link=&#8221;url:https%3A%2F%2Fwww.alvarezyasociados.com%2Fhome%2F%3Fpage_id%3D367|||&#8221;][\/vc_column][\/vc_row][vc_row][vc_column][vc_empty_space height=&#8221;160px&#8221;][\/vc_column][\/vc_row]<\/p>\n<\/div>","protected":false},"excerpt":{"rendered":"<p>[vc_row][vc_column][\/vc_column][\/vc_row][vc_row][vc_column][vc_empty_space][\/vc_column][\/vc_row][vc_row][vc_column][vc_tta_accordion style=&#8221;modern&#8221; shape=&#8221;square&#8221; color=&#8221;turquoise&#8221; active_section=&#8221;1&#8243;][vc_tta_section title=&#8221;Tipos de c\u00e1ncer de piel&#8221; tab_id=&#8221;1517486580066-0e08b9da-c1ac&#8221;][vc_column_text]Una vez detectado el c\u00e1ncer de la piel, deber\u00e1n realizarse m\u00e1s pruebas para determinar si el c\u00e1ncer se ha diseminado. Este procedimiento se llama clasificaci\u00f3n por etapas. El m\u00e9dico necesita saber la etapa y el tipo del c\u00e1ncer de la piel para planificar el tratamiento [&hellip;]<\/p>\n","protected":false},"author":1,"featured_media":0,"parent":0,"menu_order":0,"comment_status":"closed","ping_status":"closed","template":"","meta":{"footnotes":""},"class_list":["post-416","page","type-page","status-publish","hentry"],"_links":{"self":[{"href":"http:\/\/www.alvarezyasociados.com\/home\/index.php?rest_route=\/wp\/v2\/pages\/416","targetHints":{"allow":["GET"]}}],"collection":[{"href":"http:\/\/www.alvarezyasociados.com\/home\/index.php?rest_route=\/wp\/v2\/pages"}],"about":[{"href":"http:\/\/www.alvarezyasociados.com\/home\/index.php?rest_route=\/wp\/v2\/types\/page"}],"author":[{"embeddable":true,"href":"http:\/\/www.alvarezyasociados.com\/home\/index.php?rest_route=\/wp\/v2\/users\/1"}],"replies":[{"embeddable":true,"href":"http:\/\/www.alvarezyasociados.com\/home\/index.php?rest_route=%2Fwp%2Fv2%2Fcomments&post=416"}],"version-history":[{"count":16,"href":"http:\/\/www.alvarezyasociados.com\/home\/index.php?rest_route=\/wp\/v2\/pages\/416\/revisions"}],"predecessor-version":[{"id":1372,"href":"http:\/\/www.alvarezyasociados.com\/home\/index.php?rest_route=\/wp\/v2\/pages\/416\/revisions\/1372"}],"wp:attachment":[{"href":"http:\/\/www.alvarezyasociados.com\/home\/index.php?rest_route=%2Fwp%2Fv2%2Fmedia&parent=416"}],"curies":[{"name":"wp","href":"https:\/\/api.w.org\/{rel}","templated":true}]}}