{"id":422,"date":"2018-01-31T17:00:51","date_gmt":"2018-01-31T17:00:51","guid":{"rendered":"http:\/\/dev.alvarezyasociados.com\/clinica-alvarez\/?page_id=422"},"modified":"2024-06-06T10:50:55","modified_gmt":"2024-06-06T10:50:55","slug":"parpados-y-bolsas","status":"publish","type":"page","link":"http:\/\/www.alvarezyasociados.com\/home\/?page_id=422","title":{"rendered":"P\u00e1rpados y bolsas"},"content":{"rendered":"<div class=\"wpb-content-wrapper\"><p>[vc_row][vc_column]\t<!-- About Section -->\n\t<div class=\"about-section container-fluid no-left-padding no-right-padding\">\n\t\t<!-- Container -->\n\t\t<div class=\"container\">\n\t\t\t<div class=\"row\">\n\t\t\t\t\t\t\t\t\t\t<div class=\"col-md-8 col-sm-7 col-xs-12\">\n\t\t\t\t\t\t\t<div class=\"about-content\">\n\t\t\t\t\t\t\t\t<h5>Cirug\u00eda de los p\u00e1rpados<\/h5>\n\t\t\t\t\t\t\t\t\t\t<p>La cirug\u00eda de los p\u00e1rpados, t\u00e9cnicamente conocida como blefaroplastia, es un procedimiento para extraer la grasa y el exceso de piel y m\u00fasculo de los p\u00e1rpados superiores e inferiores. La blefaroplastia puede corregir la ca\u00edda de los p\u00e1rpados superiores y las bolsas de los inferiores, caracter\u00edsticas que hacen que parezcamos mayores y m\u00e1s cansados de lo que somos y que, en algunos casos, pueden interferir con la visi\u00f3n. Sin embargo, la blefaroplastia no elimina las ``patas de gallo`` u otras arrugas ni la ca\u00edda de las cejas. Puede realizarse de manera aislada o junto a otras cirug\u00edas est\u00e9ticas de la cara, como el lifting cervicofacial o el lifting frontal.<\/p>\n<p>Si usted esta considerando la posibilidad de someterse a una blefaroplastia, obtendr\u00e1 informaci\u00f3n b\u00e1sica acerca de la cirug\u00eda, cu\u00e1ndo est\u00e1 indicada, c\u00f3mo se realiza y qu\u00e9 resultados se pueden esperar. Sin embargo, es imposible que todas sus preguntas queden contestadas, puesto que en gran parte dependen de factores personales y de las preferencias del cirujano pl\u00e1stico. Si no entiende algo, consulte a su cirujano pl\u00e1stico.<\/p>\n\t\t\t\t\t\t\t<\/div>\n\t\t\t\t\t\t<\/div>\n\t\t\t\t\t\t\t\t\t<\/div>\n\t\t<\/div><!-- Container \/- -->\n\t<\/div><!-- About Section -->\n\t[\/vc_column][\/vc_row][vc_row][vc_column][vc_empty_space][\/vc_column][\/vc_row][vc_row][vc_column][vc_tta_accordion style=&#8221;modern&#8221; shape=&#8221;square&#8221; color=&#8221;turquoise&#8221; active_section=&#8221;1&#8243;][vc_tta_section title=&#8221;\u00bfQui\u00e9n es el candidato ideal para someterse a una blefaroplastia?&#8221; tab_id=&#8221;1517504058914-dba500c0-8c83&#8243;][vc_column_text]Los candidatos ideales para someterse a una blefaroplastia son aquellas personas que buscan una mejor\u00eda, y no una perfecci\u00f3n absoluta, en su apariencia. Si usted posee un estado general de salud bueno, tiene una estabilidad psicol\u00f3gica, y es realista en sus expectativas, ser\u00e1 un buen candidato. Generalmente los pacientes tienen 35 a\u00f1os \u00f3 m\u00e1s, pero en algunos casos con tendencia familiar a tener bolsas, los pacientes son m\u00e1s j\u00f3venes. La blefaroplastia mejorar\u00e1 su apariencia y la confianza en uno mismo, pero no conseguir\u00e1 que nos parezcamos a otra persona o que nos traten de manera diferente. Antes de decidir si se va a realizar una blefaroplastia piense qu\u00e9 quiere conseguir y disc\u00fatalo con su cirujano pl\u00e1stico.<\/p>\n<p>Existen algunas condiciones m\u00e9dicas que pueden hacer que existan m\u00e1s riegos al realizarse una blefaroplastia, como son los problemas de tiroides, la falta de l\u00e1grimas suficientes, la presi\u00f3n arterial alta, las enfermedades cardiovasculares y la diabetes. El glaucoma y el desprendimiento de retina tambi\u00e9n pueden suponer un riesgo; en determinados casos, puede ser necesaria una revisi\u00f3n oftalmol\u00f3gica previa a la blefaroplastia.[\/vc_column_text][\/vc_tta_section][vc_tta_section title=&#8221;Planificando la cirug\u00eda&#8221; tab_id=&#8221;1517504058928-d5fcecbe-5f07&#8243;][vc_column_text]<img decoding=\"async\" class=\"alignleft\" src=\"http:\/\/www.alvarezyasociados.com\/home\/images\/parpados1.png\" alt=\"\" align=\"left\" border=\"0\" \/><span style=\"font-size: 16px;\">La buena comunicaci\u00f3n entre usted y su cirujano pl\u00e1stico es esencial. En la primera consulta se evaluar\u00e1 la visi\u00f3n y la producci\u00f3n de l\u00e1grimas, as\u00ed como su estado general de salud. Debe informar a su cirujano si toma alguna medicaci\u00f3n, si fuma y si tiene alergia a alg\u00fan medicamento. Tambi\u00e9n debe decir si lleva gafas o lentillas y aportar, si es posible, su \u00faltimo examen oftalmol\u00f3gico. Se discutir\u00e1 la posibilidad de operar los cuatro p\u00e1rpados, los inferiores o los superiores y si es preciso asociar alg\u00fan otro procedimiento. Se le explicar\u00e1n las t\u00e9cnicas y el tipo de anestesia que se emplear\u00e1n, d\u00f3nde se realizar\u00e1 la cirug\u00eda, los riesgos y el coste de la intervenci\u00f3n. El cat\u00e1logo de prestaciones de la Seguridad Social no incluye la blefaroplastia est\u00e9tica. No dude en preguntar a su cirujano todas las cuestiones que tenga, sobre todo aquellas relacionadas con sus expectativas y los resultados.<\/span><\/p>\n<p><span style=\"font-size: 16px;\">Su cirujano pl\u00e1stico le proporcionar\u00e1 instrucciones espec\u00edficas acerca de c\u00f3mo prepararse para la cirug\u00eda, incluyendo normas sobre toma de alimentos y l\u00edquidos, tabaco o toma o supresi\u00f3n de medicamentos y vitaminas y lavado de la cara. Es importante dejar de fumar al menos una o dos semanas antes de la cirug\u00eda. Un cumplimiento cuidadoso har\u00e1 que la cirug\u00eda sea realizada en mejores condiciones. Aseg\u00farese, adem\u00e1s, de que alg\u00fan familiar o acompa\u00f1ante pueda llevarle a casa cuando se le d\u00e9 el alta y que, en caso necesario, puedan ayudarle unos d\u00edas.<\/span>[\/vc_column_text][\/vc_tta_section][vc_tta_section title=&#8221;La cirug\u00eda&#8221; tab_id=&#8221;1517504157657-71896aa9-2bec&#8221;][vc_column_text]<img decoding=\"async\" class=\"alignleft\" src=\"http:\/\/www.alvarezyasociados.com\/home\/images\/parpados2.png\" alt=\"\" align=\"left\" border=\"0\" \/><span style=\"font-size: 16px;\">La blefaroplastia se realiza en quir\u00f3fano, dentro de una cl\u00ednica u hospital. Normalmente, no es necesario permanecer en la cl\u00ednica m\u00e1s que unas horas tras la cirug\u00eda.<\/span><\/p>\n<p><span style=\"font-size: 16px;\">Suele realizarse bajo anestesia local m\u00e1s sedaci\u00f3n, o menos frecuentemente, bajo anestesia general, dependiendo de las preferencias de su cirujano. Si se realiza con anestesia local m\u00e1s sedaci\u00f3n, el paciente se siente relajado y los p\u00e1rpados est\u00e1n insensibles al dolor; con anestesia general el paciente est\u00e1 dormido durante la operaci\u00f3n.<\/span><\/p>\n<p><span style=\"font-size: 16px;\">La intervenci\u00f3n suele durar entre una y 3 horas, o m\u00e1s cuando se asocia a otras intervenciones. Si se van a realizar los cuatro p\u00e1rpados, generalmente se empieza por los superiores. La mayor\u00eda de las veces las incisiones se colocan en las l\u00edneas naturales de los p\u00e1rpados superiores y justo debajo de las pesta\u00f1as en los inferiores; en algunos casos pueden extenderse hacia las patas de gallo. A trav\u00e9s de estas incisiones se separa la piel de la grasa y m\u00fasculo subyacentes, extirpando el exceso de grasa y, en ocasiones, el exceso de piel y m\u00fasculo. Las incisiones se cierran con suturas muy finas.<\/span><\/p>\n<p><span style=\"font-size: 16px;\">En otros casos, en pacientes j\u00f3venes en los que s\u00f3lo hay exceso de grasa, se puede realizar una blefaroplastia transconjuntival de los p\u00e1rpados inferiores; la incisi\u00f3n se coloca en el interior del p\u00e1rpado inferior no dejando cicatriz visible.<\/span>[\/vc_column_text][\/vc_tta_section][vc_tta_section title=&#8221;La vuelta a la normalidad&#8221; tab_id=&#8221;1517504190487-90be7b63-dd64&#8243;][vc_column_text]<img decoding=\"async\" class=\"alignleft\" src=\"http:\/\/www.alvarezyasociados.com\/home\/images\/parpados3.png\" alt=\"\" align=\"left\" border=\"0\" \/><\/p>\n<p>Tras la cirug\u00eda, se le aplicar\u00e1 una pomada en los ojos para lubrificarlos, y en algunos casos, un vendaje suave. Puede tener molestias sobre los p\u00e1rpados; si las hubiese, se alivian f\u00e1cilmente con la medicaci\u00f3n prescrita por su cirujano (si presentase dolor severo o persistente debe comunic\u00e1rselo a su cirujano). Deber\u00e1 mantener la cabeza elevada durante unos d\u00edas despu\u00e9s de la cirug\u00eda y aplicarse compresas fr\u00edas, para disminuir la inflamaci\u00f3n y los hematomas. Se le ense\u00f1ar\u00e1 como lavarse los ojos y se le indicar\u00e1 si debe aplicarse colirios oft\u00e1lmicos para mantener los ojos hidratados. Durante las primeras semanas puede notar lagrimeo excesivo, hipersensibilidad a la luz y cambios temporales en la agudeza visual, como visi\u00f3n borrosa o doble. Durante las dos primeras semanas su cirujano pl\u00e1stico seguir\u00e1 con detalle su evoluci\u00f3n. Los puntos se retiran entre los 2 d\u00edas y la semana. El edema y los hematomas disminuir\u00e1n gradualmente hasta desaparecer por completo, y comenzar\u00e1 a verse y sentirse mucho mejor.<\/p>\n<p>La mayor\u00eda de los pacientes que se someten a una blefaroplastia comienzan a leer o a ver la televisi\u00f3n en 2 \u00f3 3 d\u00edas. Sin embargo, no podr\u00e1 ponerse lentillas, si las lleva, hasta las 2 semanas, y a\u00fan as\u00ed podr\u00e1 sentirse inc\u00f3modo durante un tiempo. Se suele volver al trabajo o una semana o 10 d\u00edas; por entonces, podr\u00e1 aplicarse maquillaje para disimular los hematomas. Puede ser preciso llevar gafas de sol durante unas semanas y aplicarse filtro solar en los p\u00e1rpados. Debe mantener un reposo relativo durante 3 a 5 d\u00edas y evitar actividades fuertes 3 semanas.[\/vc_column_text][\/vc_tta_section][vc_tta_section title=&#8221;\u00bfExisten riesgos?\u00bfHay garant\u00edas?&#8221; tab_id=&#8221;1517504222125-f4fb3e51-2d19&#8243;][vc_column_text]<img decoding=\"async\" class=\"alignleft\" src=\"http:\/\/www.alvarezyasociados.com\/home\/images\/parpados4.png\" alt=\"\" width=\"300px\" align=\"left\" border=\"0\" \/><span style=\"font-size: 16px;\">Cuando este procedimiento es realizado por un cirujano pl\u00e1stico cualificado las complicaciones son infrecuentes y de poca importancia. Sin embargo, siempre existen posibilidades de complicaciones, como la infecci\u00f3n o las reacciones anest\u00e9sicas. Se pueden minimizar los riesgos siguiendo de manera cuidadosa las instrucciones de su cirujano pl\u00e1stico, tanto antes como despu\u00e9s de la cirug\u00eda. Las complicaciones menores que pueden aparecer tras una blefaroplastia incluyen la visi\u00f3n doble o borrosa durante unos d\u00edas, edema temporal de los p\u00e1rpados y asimetr\u00edas leves en la cicatrizaci\u00f3n. Tras la cirug\u00eda puede aparecer dificultad para cerrar completamente los p\u00e1rpados durante el sue\u00f1o; solo en raros casos esta complicaci\u00f3n ser\u00e1 permanente. Otra complicaci\u00f3n infrecuente es el ectropion, que puede precisar correcci\u00f3n quir\u00fargica.<\/span>[\/vc_column_text][\/vc_tta_section][vc_tta_section title=&#8221;Los resultados&#8221; tab_id=&#8221;1517504265796-d845fb87-b961&#8243;][vc_column_text]Las cicatrices pueden tener un aspecto rosado durante los primeros meses. Progresivamente ir\u00e1n desapareciendo hasta convertirse en un l\u00ednea clara casi invisible. Los resultados de la blefaroplastia, un aspecto m\u00e1s joven y despierto, se mantienen a\u00f1os; en muchos casos, los resultados son permanentes.[\/vc_column_text][\/vc_tta_section][vc_tta_section title=&#8221;Cirug\u00eda de los p\u00e1rpados: resumen&#8221; tab_id=&#8221;1517504291380-511b6b78-8fdf&#8221;][vc_column_text]<img decoding=\"async\" class=\"alignleft\" src=\"http:\/\/www.alvarezyasociados.com\/home\/images\/parpados5.png\" alt=\"\" align=\"left\" border=\"0\" \/><span style=\"font-size: 16px;\">La blefaroplastia est\u00e9tica es la operaci\u00f3n destinada a corregir las se\u00f1ales que en los p\u00e1rpados manifiesta el envejecimiento facial: descolgamiento de la piel de los p\u00e1rpados superiores y &#8220;bolsas&#8221; en los p\u00e1rpados inferiores y en la porci\u00f3n interna de los superiores.<\/span><\/p>\n<p><span style=\"font-size: 16px;\">La intervenci\u00f3n se realiza como un procedimiento aislado o como parte de otra operaci\u00f3n, en general un estiramiento facial (lifting). Dependiendo de esto, la intervenci\u00f3n se realizar\u00e1 con anestesia local o general.<\/span><\/p>\n<p><span style=\"font-size: 16px;\">Se inicia la operaci\u00f3n realizando unas incisiones en la piel de los p\u00e1rpados para liberar y extirpar el exceso de piel y m\u00fasculo orbicular. Seguidamente, se extirpa la grasa en la cantidad adecuada para eliminar las bolsas palpebrales. Por \u00faltimo, se sutura la piel.<\/span><\/p>\n<p><span style=\"font-size: 16px;\">Tras la intervenci\u00f3n, que suele durar una hora y media aproximadamente, se aplica una pomada oft\u00e1lmica y unos ap\u00f3sitos con suero fisiol\u00f3gico muy fr\u00edo con el fin de reducir las molestias y la inflamaci\u00f3n. Sin embargo, es normal que durante la primera semana persistan la hinchaz\u00f3n y los cardenales de los p\u00e1rpados. La mayor parte de los pacientes podr\u00e1n incorporarse a su vida normal en unos 10-12 d\u00edas.<\/span><\/p>\n<p><span style=\"font-size: 16px;\">Al principio las cicatrices pueden ser visibles, como finas l\u00edneas enrojecidas situadas en el pliegue del p\u00e1rpado superior y por debajo de las pesta\u00f1as en el p\u00e1rpado inferior, extendi\u00e9ndose unos mil\u00edmetros hacia la sien en una de la arrugas de las &#8220;patas de gallo&#8221;.<\/span><\/p>\n<p><span style=\"font-size: 16px;\">A veces, tras la blefaroplastia, se presenta cierta dificultad a la acomodaci\u00f3n de la vista, que desaparece a las 2-3 semanas de la intervenci\u00f3n. Tambi\u00e9n puede aparecer una conjuntivitis y hematoma subconjuntival que ceden r\u00e1pidamente con el tratamiento adecuado. En los primeros d\u00edas puede suceder que durante el sue\u00f1o no se cierren completamente los p\u00e1rpados; esto es normal, y cuando el m\u00fasculo orbicular recupere su tono (eventualmente ayudado por ejercicios adecuados) se corregir\u00e1.<\/span><\/p>\n<p><span style=\"font-size: 16px;\">El resultado de la operaci\u00f3n es muy favorable y duradero y, en general, las bolsas de los p\u00e1rpados no suelen reaparecer.<\/span>[\/vc_column_text][\/vc_tta_section][\/vc_tta_accordion][\/vc_column][\/vc_row][vc_row][vc_column][vc_empty_space height=&#8221;100px&#8221;][\/vc_column][\/vc_row][vc_row][vc_column width=&#8221;1\/4&#8243;][vc_btn title=&#8221;Orejas&#8221; style=&#8221;outline&#8221; shape=&#8221;round&#8221; color=&#8221;turquoise&#8221; align=&#8221;center&#8221; link=&#8221;url:https%3A%2F%2Fwww.alvarezyasociados.com%2Fhome%2F%3Fpage_id%3D361|||&#8221;][\/vc_column][vc_column width=&#8221;1\/4&#8243;][vc_btn title=&#8221;Nariz&#8221; style=&#8221;outline&#8221; shape=&#8221;round&#8221; color=&#8221;turquoise&#8221; align=&#8221;center&#8221; link=&#8221;url:https%3A%2F%2Fwww.alvarezyasociados.com%2Fhome%2F%3Fpage_id%3D424|||&#8221;][\/vc_column][vc_column width=&#8221;1\/4&#8243;][vc_btn title=&#8221;Ment\u00f3n&#8221; style=&#8221;outline&#8221; shape=&#8221;round&#8221; color=&#8221;turquoise&#8221; align=&#8221;center&#8221;][\/vc_column][vc_column width=&#8221;1\/4&#8243;][vc_btn title=&#8221;P\u00f3mulos&#8221; style=&#8221;outline&#8221; shape=&#8221;round&#8221; color=&#8221;turquoise&#8221; align=&#8221;center&#8221;][\/vc_column][\/vc_row][vc_row][vc_column width=&#8221;1\/4&#8243;][vc_btn title=&#8221;Lifting c\u00e9rvico-facial&#8221; style=&#8221;outline&#8221; shape=&#8221;round&#8221; color=&#8221;turquoise&#8221; align=&#8221;center&#8221; link=&#8221;url:https%3A%2F%2Fwww.alvarezyasociados.com%2Fhome%2F%3Fpage_id%3D430|||&#8221;][\/vc_column][vc_column width=&#8221;1\/4&#8243;][vc_btn title=&#8221;Mamas&#8221; style=&#8221;outline&#8221; shape=&#8221;round&#8221; color=&#8221;turquoise&#8221; align=&#8221;center&#8221; link=&#8221;|||&#8221;][\/vc_column][vc_column width=&#8221;1\/4&#8243;][vc_btn title=&#8221;Abdominoplastia&#8221; style=&#8221;outline&#8221; shape=&#8221;round&#8221; color=&#8221;turquoise&#8221; align=&#8221;center&#8221; link=&#8221;url:https%3A%2F%2Fwww.alvarezyasociados.com%2Fhome%2F%3Fpage_id%3D434|||&#8221;][\/vc_column][vc_column width=&#8221;1\/4&#8243;][vc_btn title=&#8221;Liposucci\u00f3n y lipoescultura&#8221; style=&#8221;outline&#8221; shape=&#8221;round&#8221; color=&#8221;turquoise&#8221; align=&#8221;center&#8221;][\/vc_column][\/vc_row][vc_row][vc_column width=&#8221;1\/3&#8243; offset=&#8221;vc_col-lg-offset-4&#8243;][vc_btn title=&#8221;Lifting muslos, gl\u00fateos y brazos&#8221; style=&#8221;outline&#8221; shape=&#8221;round&#8221; color=&#8221;turquoise&#8221; align=&#8221;center&#8221; link=&#8221;|||&#8221;][\/vc_column][\/vc_row][vc_row][vc_column][vc_empty_space height=&#8221;60px&#8221;][\/vc_column][\/vc_row][vc_row][vc_column width=&#8221;1\/6&#8243; offset=&#8221;vc_col-lg-offset-2&#8243;][vc_btn title=&#8221;Pl\u00e1stica Reparadora&#8221; style=&#8221;custom&#8221; custom_background=&#8221;#6d6d6d&#8221; custom_text=&#8221;#ffffff&#8221; shape=&#8221;round&#8221; size=&#8221;sm&#8221; align=&#8221;center&#8221; link=&#8221;url:https%3A%2F%2Fwww.alvarezyasociados.com%2Fhome%2F%3Fpage_id%3D353|||&#8221;][\/vc_column][vc_column width=&#8221;1\/6&#8243;][vc_btn title=&#8221;Pl\u00e1stica Est\u00e9tica&#8221; style=&#8221;custom&#8221; custom_background=&#8221;#6d6d6d&#8221; custom_text=&#8221;#ffffff&#8221; shape=&#8221;round&#8221; size=&#8221;sm&#8221; align=&#8221;center&#8221; link=&#8221;url:https%3A%2F%2Fwww.alvarezyasociados.com%2Fhome%2F%3Fpage_id%3D359|||&#8221;][\/vc_column][vc_column width=&#8221;1\/6&#8243;][vc_btn title=&#8221;Est\u00e9tica y Nutrici\u00f3n&#8221; style=&#8221;custom&#8221; custom_background=&#8221;#6d6d6d&#8221; custom_text=&#8221;#ffffff&#8221; shape=&#8221;round&#8221; size=&#8221;sm&#8221; align=&#8221;center&#8221; link=&#8221;url:https%3A%2F%2Fwww.alvarezyasociados.com%2Fhome%2F%3Fpage_id%3D363|||&#8221;][\/vc_column][vc_column width=&#8221;1\/6&#8243;][vc_btn title=&#8221;Procedimientos Auxiliares&#8221; style=&#8221;custom&#8221; custom_background=&#8221;#6d6d6d&#8221; custom_text=&#8221;#ffffff&#8221; shape=&#8221;round&#8221; size=&#8221;sm&#8221; align=&#8221;center&#8221; link=&#8221;url:https%3A%2F%2Fwww.alvarezyasociados.com%2Fhome%2F%3Fpage_id%3D367|||&#8221;][\/vc_column][\/vc_row][vc_row][vc_column][vc_empty_space height=&#8221;160px&#8221;][\/vc_column][\/vc_row]<\/p>\n<\/div>","protected":false},"excerpt":{"rendered":"<p>[vc_row][vc_column][\/vc_column][\/vc_row][vc_row][vc_column][vc_empty_space][\/vc_column][\/vc_row][vc_row][vc_column][vc_tta_accordion style=&#8221;modern&#8221; shape=&#8221;square&#8221; color=&#8221;turquoise&#8221; active_section=&#8221;1&#8243;][vc_tta_section title=&#8221;\u00bfQui\u00e9n es el candidato ideal para someterse a una blefaroplastia?&#8221; tab_id=&#8221;1517504058914-dba500c0-8c83&#8243;][vc_column_text]Los candidatos ideales para someterse a una blefaroplastia son aquellas personas que buscan una mejor\u00eda, y no una perfecci\u00f3n absoluta, en su apariencia. Si usted posee un estado general de salud bueno, tiene una estabilidad psicol\u00f3gica, y es realista en [&hellip;]<\/p>\n","protected":false},"author":1,"featured_media":0,"parent":0,"menu_order":0,"comment_status":"closed","ping_status":"closed","template":"","meta":{"footnotes":""},"class_list":["post-422","page","type-page","status-publish","hentry"],"_links":{"self":[{"href":"http:\/\/www.alvarezyasociados.com\/home\/index.php?rest_route=\/wp\/v2\/pages\/422","targetHints":{"allow":["GET"]}}],"collection":[{"href":"http:\/\/www.alvarezyasociados.com\/home\/index.php?rest_route=\/wp\/v2\/pages"}],"about":[{"href":"http:\/\/www.alvarezyasociados.com\/home\/index.php?rest_route=\/wp\/v2\/types\/page"}],"author":[{"embeddable":true,"href":"http:\/\/www.alvarezyasociados.com\/home\/index.php?rest_route=\/wp\/v2\/users\/1"}],"replies":[{"embeddable":true,"href":"http:\/\/www.alvarezyasociados.com\/home\/index.php?rest_route=%2Fwp%2Fv2%2Fcomments&post=422"}],"version-history":[{"count":12,"href":"http:\/\/www.alvarezyasociados.com\/home\/index.php?rest_route=\/wp\/v2\/pages\/422\/revisions"}],"predecessor-version":[{"id":1375,"href":"http:\/\/www.alvarezyasociados.com\/home\/index.php?rest_route=\/wp\/v2\/pages\/422\/revisions\/1375"}],"wp:attachment":[{"href":"http:\/\/www.alvarezyasociados.com\/home\/index.php?rest_route=%2Fwp%2Fv2%2Fmedia&parent=422"}],"curies":[{"name":"wp","href":"https:\/\/api.w.org\/{rel}","templated":true}]}}