{"id":430,"date":"2018-01-31T17:02:01","date_gmt":"2018-01-31T17:02:01","guid":{"rendered":"http:\/\/dev.alvarezyasociados.com\/clinica-alvarez\/?page_id=430"},"modified":"2024-06-06T11:09:44","modified_gmt":"2024-06-06T11:09:44","slug":"lifting-cervico-facial","status":"publish","type":"page","link":"http:\/\/www.alvarezyasociados.com\/home\/?page_id=430","title":{"rendered":"Lifting c\u00e9rvico-facial"},"content":{"rendered":"<div class=\"wpb-content-wrapper\"><p>[vc_row][vc_column]\t<!-- About Section -->\n\t<div class=\"about-section container-fluid no-left-padding no-right-padding\">\n\t\t<!-- Container -->\n\t\t<div class=\"container\">\n\t\t\t<div class=\"row\">\n\t\t\t\t\t\t\t\t\t\t<div class=\"col-md-8 col-sm-7 col-xs-12\">\n\t\t\t\t\t\t\t<div class=\"about-content\">\n\t\t\t\t\t\t\t\t<h5>Lifting c\u00e9rvico-facial<\/h5>\n\t\t\t\t\t\t\t\t\t\t<p>Los liftings deben ser individualizados para cada paciente. En la consulta su cirujano analiza\u00e1 su rostro, su tipo de piel y su estructura \u00f3sea y le comentar\u00e1 las posibilidades que la cirug\u00eda ofrece.<\/p>\n<p>El cirujano, tambi\u00e9n, comprobar\u00e1 todos aquellos aspectos m\u00e9dicos que pudiesen causar problemas durante o tras la intervenci\u00f3n, como tensi\u00f3n alta no controlada, problemas de coagulaci\u00f3n, etc. Com\u00e9ntele si es fumadora o si est\u00e1 tomando alg\u00fan tipo de medicaci\u00f3n, especialmente aspirinas o cualquier medicamento que pueda afectar a la coagulaci\u00f3n de la sangre. Si decide intervenirse, su cirujano le explicar\u00e1 que t\u00e9cnica emplear\u00e1 en su caso, as\u00ed como la anestesia m\u00e1s aconsejable, junto con los riesgos y los costes que comporta. No deje de preguntar a su m\u00e9dico cualquier duda que tenga sobre la cirug\u00eda.<\/p>\n\t\t\t\t\t\t\t<\/div>\n\t\t\t\t\t\t<\/div>\n\t\t\t\t\t\t\t\t\t<\/div>\n\t\t<\/div><!-- Container \/- -->\n\t<\/div><!-- About Section -->\n\t[\/vc_column][\/vc_row][vc_row][vc_column][vc_empty_space][\/vc_column][\/vc_row][vc_row][vc_column][vc_tta_accordion style=&#8221;modern&#8221; shape=&#8221;square&#8221; color=&#8221;turquoise&#8221; active_section=&#8221;1&#8243;][vc_tta_section title=&#8221;Preparando la cirug\u00eda&#8221; tab_id=&#8221;1517506018457-a9fcf301-7b8b&#8221;][vc_column_text]Su cirujano le indicar\u00e1 que pasos ha de segir para preparar la intervenci\u00f3n, incluyendo aspectos como la alimentaci\u00f3n, el tabaco o si debe tomar o evitar ciertas medicaciones. Siga cuidadosamente las directrices que le marque el equipo m\u00e9dico, ayudar\u00e1 en gran medida a que la cirug\u00eda se desarrolle mejor. Si usted es fumador\/a es fundamental que al menos cuatro semanas antes y despu\u00e9s de la intervenci\u00f3n deje de fumar. El tabaco dificulta que la sangre fluya hacia la piel y puede interferir en la recuperaci\u00f3n de las cicatrices.<\/p>\n<p>Si tiene usted el pelo corto es recomendable que lo deje crecer antes de la intervenci\u00f3n, ya que el cabello largo ayuda a ocultar las cicatrices de la cirug\u00eda mientras \u00e9stas permanecen visibles. Cuando el lifting se haya realizado recuerde que tanto si ha permanecido ingresada o ha sido una paciente ambulatoria deber\u00e1 contar con ayuda tanto para que la lleven a casa (usted no puede conducir) como para ayudarla en casa durante uno o dos d\u00edas.[\/vc_column_text][\/vc_tta_section][vc_tta_section title=&#8221;Donde se realiza un lifting&#8221; tab_id=&#8221;1517506018470-ff9c6d83-d0da&#8221;][vc_column_text]El lifting debe ser realizado en un centro m\u00e9dico. Aunque en ocasiones concretas se practica en r\u00e9gimen ambulatorio y sin ingreso, en la mayor\u00eda de los casos precisan sedaci\u00f3n o anestesia general requiriendo ingreso hospitalario entre uno y dos d\u00edas. Pacientes con problemas de diabetes o tensi\u00f3n arterial alta pueden requerir cuidados especiales tras la cirug\u00eda o en la hospitalizaci\u00f3n.[\/vc_column_text][\/vc_tta_section][vc_tta_section title=&#8221;Tipos de anestesia&#8221; tab_id=&#8221;1517506072674-da728ce4-485f&#8221;][vc_column_text]Un lifting puede realizarse bajo a nestesia local y sedaci\u00f3n o anestesia general. Su estancia cl\u00ednica depender\u00e1 del tipo de ansestesia y de la extensi\u00f3n del lifting. En ocasiones se realiza de forma ambulatoria.[\/vc_column_text][\/vc_tta_section][vc_tta_section title=&#8221;La cirug\u00eda&#8221; tab_id=&#8221;1517506073272-1d237ed1-cbd7&#8243;][vc_column_text]Cada caso puede variar en cuanto a la colocaci\u00f3n y extensi\u00f3n de las incisiones, las \u00e1reas de la cara que se quieren mejorar, el uso o no de t\u00e9cnicas complementarias (cirug\u00eda de p\u00e1rpados, aumento de p\u00f3mulos, etc.) y la duraci\u00f3n de la intervenci\u00f3n. Actualmente existen muchas t\u00e9cnicas en las que hay diferencias en la ubicaci\u00f3n y longitud de las cicatrices, \u00a0pero habitualmente la incisi\u00f3n comienza en la zona de las sientes (por dentro del pelo), se extiende dentro de las l\u00edneas naterales que existen delante de la oreja y continua alrededor del l\u00f3bulo, detr\u00e1s de la oreja y cuero cabelludo. En algunas circunstancias su cirujano preferir\u00e1 situar las cicatrices rodeando la patilla y la l\u00ednea del pelo en las sientes, evitando que las cicatrices se introduzcan en el pelo. Cuando el cuello necesita un tratamiento especial es necesario emplear una incisi\u00f3n justo debajo del ment\u00f3n. Las intervenciones consisten b\u00e1sicamente en &#8220;tensar&#8221; las capas musculares y la piel, retirando el tejido sobrante. Una ve conclu\u00eddo, las heridas se cierran con puntos dejando temporalmente unos peque\u00f1os tubos bajo la piel para que no se acumule ning\u00fan exudado o sangre. Finalmente se colocar\u00e1 un vendaje.[\/vc_column_text][\/vc_tta_section][vc_tta_section title=&#8221;Tras la cirug\u00eda&#8221; tab_id=&#8221;1517506073922-331ca704-e885&#8243;][vc_column_text]El postoperatorio no suele ser doloroso. Las molestias que generalmente aparecen suelen controlarse bien con analg\u00e9sicos habituales. el vendaje y los tubos de drenaje normalmente se retirar en 24 a 48 horas.<\/p>\n<p>Los primeros puntos se retiran alrededor de la semana y los puntos del cuero cabelludo y\/o grapas un poco m\u00e1s adelante. Es normal que sienta la piel de la cara &#8220;acorchada&#8221;, esta sensaci\u00f3n es transitoria y desaparece en unas cuantas semanas. Considere como normal que la cara est\u00e9 inflamada y presente moraduras, este aspecto s\u00f3lo durar\u00e1 entre 10 y 15 d\u00edas si sigue nuestras instrucciones.[\/vc_column_text][\/vc_tta_section][vc_tta_section title=&#8221;Volviendo a la normalidad&#8221; tab_id=&#8221;1517506145218-80571da9-e16f&#8221;][vc_column_text]Es aconsejable que no trabaje y que evite los ejercicios o actividades violentas durante al menos las dos semanas siguientes a la operaci\u00f3n. La piel de la cara necesitar\u00e1 cuidados espec\u00edficos y no deber\u00e1 exponerla al sol o a rayos UVA durante al menos tres meses.<\/p>\n<p>Al principio puede sentirse preocupada\/o por el aspecto de la cara, piense que la mayor\u00eda de los pacientes regresan a una vida normal, incluyendo el trabajo, a partir de las dos semanas dependiendo de cada caso. en ese periodo la inflamaci\u00f3n se normaliza y desaparecen los morados. Las cicatrices tardan algunas semanas m\u00e1s en disimularse, pero finalmente se hacen pr\u00e1cticamente imperceptibles.<\/p>\n<p>Durante las dos primeras semanas repose todo lo que pueda y permita que su organismo se tome su tiempo para recuperarse. A partir de la tercera semana, su aspecto ser\u00e1 mucho mejor, al igual que su estado de \u00e1nimo. Si usted debe volver a trabajar, puede aplicarse maquillaje para camuflar los posibles morados que puedan persistir.[\/vc_column_text][\/vc_tta_section][vc_tta_section title=&#8221;Su nuevo aspecto&#8221; tab_id=&#8221;1517506146029-59970d9b-18ce&#8221;][vc_column_text]Las perspectivas del lifting son buenas especialmente si usted es consciente de que los resultados no se aprecian de forma inmediata. Despu\u00e9s de la inflamaci\u00f3n y los morados, puede ser que el cabello situado en la sien puede ser m\u00e1s fino y la piel suele estar m\u00e1s seca y enrojecida durante unos meses. En los hombres puede verse que la barba crezca en zonas no habituales como detr\u00f1as del cuello.<\/p>\n<p>Tendr\u00e1 algunas cicatrices pero suelen permanecer escondidas bajo su cabello, en pliegues naturales de su cara y alrededor de las orejas. En cualquier caso un lifting &#8220;no para el reloj&#8221; pero porporciona un resultado duradero. Su cara seguir\u00e1 bajo los efectos del envejecimiento y es posible que al cabo de unos a\u00f1os quiera repetir la intervenci\u00f3n.[\/vc_column_text][\/vc_tta_section][\/vc_tta_accordion][\/vc_column][\/vc_row][vc_row][vc_column][vc_empty_space height=&#8221;100px&#8221;][\/vc_column][\/vc_row][vc_row][vc_column width=&#8221;1\/4&#8243;][vc_btn title=&#8221;P\u00e1rpados y bolsas&#8221; style=&#8221;outline&#8221; shape=&#8221;round&#8221; color=&#8221;turquoise&#8221; align=&#8221;center&#8221; link=&#8221;url:https%3A%2F%2Fwww.alvarezyasociados.com%2Fhome%2F%3Fpage_id%3D422|||&#8221;][\/vc_column][vc_column width=&#8221;1\/4&#8243;][vc_btn title=&#8221;Orejas&#8221; style=&#8221;outline&#8221; shape=&#8221;round&#8221; color=&#8221;turquoise&#8221; align=&#8221;center&#8221; link=&#8221;url:https%3A%2F%2Fwww.alvarezyasociados.com%2Fhome%2F%3Fpage_id%3D361|||&#8221;][\/vc_column][vc_column width=&#8221;1\/4&#8243;][vc_btn title=&#8221;Nariz&#8221; style=&#8221;outline&#8221; shape=&#8221;round&#8221; color=&#8221;turquoise&#8221; align=&#8221;center&#8221; link=&#8221;url:https%3A%2F%2Fwww.alvarezyasociados.com%2Fhome%2F%3Fpage_id%3D424|||&#8221;][\/vc_column][vc_column width=&#8221;1\/4&#8243;][vc_btn title=&#8221;Ment\u00f3n&#8221; style=&#8221;outline&#8221; shape=&#8221;round&#8221; color=&#8221;turquoise&#8221; align=&#8221;center&#8221;][\/vc_column][\/vc_row][vc_row][vc_column width=&#8221;1\/4&#8243;][vc_btn title=&#8221;P\u00f3mulos&#8221; style=&#8221;outline&#8221; shape=&#8221;round&#8221; color=&#8221;turquoise&#8221; align=&#8221;center&#8221; link=&#8221;|||&#8221;][\/vc_column][vc_column width=&#8221;1\/4&#8243;][vc_btn title=&#8221;Mamas&#8221; style=&#8221;outline&#8221; shape=&#8221;round&#8221; color=&#8221;turquoise&#8221; align=&#8221;center&#8221; link=&#8221;|||&#8221;][\/vc_column][vc_column width=&#8221;1\/4&#8243;][vc_btn title=&#8221;Abdominoplastia&#8221; style=&#8221;outline&#8221; shape=&#8221;round&#8221; color=&#8221;turquoise&#8221; align=&#8221;center&#8221; link=&#8221;url:https%3A%2F%2Fwww.alvarezyasociados.com%2Fhome%2F%3Fpage_id%3D434|||&#8221;][\/vc_column][vc_column width=&#8221;1\/4&#8243;][vc_btn title=&#8221;Liposucci\u00f3n y lipoescultura&#8221; style=&#8221;outline&#8221; shape=&#8221;round&#8221; color=&#8221;turquoise&#8221; align=&#8221;center&#8221;][\/vc_column][\/vc_row][vc_row][vc_column width=&#8221;1\/3&#8243; offset=&#8221;vc_col-lg-offset-4&#8243;][vc_btn title=&#8221;Lifting muslos, gl\u00fateos y brazos&#8221; style=&#8221;outline&#8221; shape=&#8221;round&#8221; color=&#8221;turquoise&#8221; align=&#8221;center&#8221; link=&#8221;|||&#8221;][\/vc_column][\/vc_row][vc_row][vc_column][vc_empty_space height=&#8221;60px&#8221;][\/vc_column][\/vc_row][vc_row][vc_column width=&#8221;1\/6&#8243; offset=&#8221;vc_col-lg-offset-2&#8243;][vc_btn title=&#8221;Pl\u00e1stica Reparadora&#8221; style=&#8221;custom&#8221; custom_background=&#8221;#6d6d6d&#8221; custom_text=&#8221;#ffffff&#8221; shape=&#8221;round&#8221; size=&#8221;sm&#8221; align=&#8221;center&#8221; link=&#8221;url:https%3A%2F%2Fwww.alvarezyasociados.com%2Fhome%2F%3Fpage_id%3D353|||&#8221;][\/vc_column][vc_column width=&#8221;1\/6&#8243;][vc_btn title=&#8221;Pl\u00e1stica Est\u00e9tica&#8221; style=&#8221;custom&#8221; custom_background=&#8221;#6d6d6d&#8221; custom_text=&#8221;#ffffff&#8221; shape=&#8221;round&#8221; size=&#8221;sm&#8221; align=&#8221;center&#8221; link=&#8221;url:https%3A%2F%2Fwww.alvarezyasociados.com%2Fhome%2F%3Fpage_id%3D359|||&#8221;][\/vc_column][vc_column width=&#8221;1\/6&#8243;][vc_btn title=&#8221;Est\u00e9tica y Nutrici\u00f3n&#8221; style=&#8221;custom&#8221; custom_background=&#8221;#6d6d6d&#8221; custom_text=&#8221;#ffffff&#8221; shape=&#8221;round&#8221; size=&#8221;sm&#8221; align=&#8221;center&#8221; link=&#8221;url:https%3A%2F%2Fwww.alvarezyasociados.com%2Fhome%2F%3Fpage_id%3D363|||&#8221;][\/vc_column][vc_column width=&#8221;1\/6&#8243;][vc_btn title=&#8221;Procedimientos Auxiliares&#8221; style=&#8221;custom&#8221; custom_background=&#8221;#6d6d6d&#8221; custom_text=&#8221;#ffffff&#8221; shape=&#8221;round&#8221; size=&#8221;sm&#8221; align=&#8221;center&#8221; link=&#8221;url:https%3A%2F%2Fwww.alvarezyasociados.com%2Fhome%2F%3Fpage_id%3D367|||&#8221;][\/vc_column][\/vc_row][vc_row][vc_column][vc_empty_space height=&#8221;160px&#8221;][\/vc_column][\/vc_row]<\/p>\n<\/div>","protected":false},"excerpt":{"rendered":"<p>[vc_row][vc_column][\/vc_column][\/vc_row][vc_row][vc_column][vc_empty_space][\/vc_column][\/vc_row][vc_row][vc_column][vc_tta_accordion style=&#8221;modern&#8221; shape=&#8221;square&#8221; color=&#8221;turquoise&#8221; active_section=&#8221;1&#8243;][vc_tta_section title=&#8221;Preparando la cirug\u00eda&#8221; tab_id=&#8221;1517506018457-a9fcf301-7b8b&#8221;][vc_column_text]Su cirujano le indicar\u00e1 que pasos ha de segir para preparar la intervenci\u00f3n, incluyendo aspectos como la alimentaci\u00f3n, el tabaco o si debe tomar o evitar ciertas medicaciones. Siga cuidadosamente las directrices que le marque el equipo m\u00e9dico, ayudar\u00e1 en gran medida a que la cirug\u00eda se [&hellip;]<\/p>\n","protected":false},"author":1,"featured_media":0,"parent":0,"menu_order":0,"comment_status":"closed","ping_status":"closed","template":"","meta":{"footnotes":""},"class_list":["post-430","page","type-page","status-publish","hentry"],"_links":{"self":[{"href":"http:\/\/www.alvarezyasociados.com\/home\/index.php?rest_route=\/wp\/v2\/pages\/430","targetHints":{"allow":["GET"]}}],"collection":[{"href":"http:\/\/www.alvarezyasociados.com\/home\/index.php?rest_route=\/wp\/v2\/pages"}],"about":[{"href":"http:\/\/www.alvarezyasociados.com\/home\/index.php?rest_route=\/wp\/v2\/types\/page"}],"author":[{"embeddable":true,"href":"http:\/\/www.alvarezyasociados.com\/home\/index.php?rest_route=\/wp\/v2\/users\/1"}],"replies":[{"embeddable":true,"href":"http:\/\/www.alvarezyasociados.com\/home\/index.php?rest_route=%2Fwp%2Fv2%2Fcomments&post=430"}],"version-history":[{"count":7,"href":"http:\/\/www.alvarezyasociados.com\/home\/index.php?rest_route=\/wp\/v2\/pages\/430\/revisions"}],"predecessor-version":[{"id":1378,"href":"http:\/\/www.alvarezyasociados.com\/home\/index.php?rest_route=\/wp\/v2\/pages\/430\/revisions\/1378"}],"wp:attachment":[{"href":"http:\/\/www.alvarezyasociados.com\/home\/index.php?rest_route=%2Fwp%2Fv2%2Fmedia&parent=430"}],"curies":[{"name":"wp","href":"https:\/\/api.w.org\/{rel}","templated":true}]}}