{"id":434,"date":"2018-01-31T17:03:05","date_gmt":"2018-01-31T17:03:05","guid":{"rendered":"http:\/\/dev.alvarezyasociados.com\/clinica-alvarez\/?page_id=434"},"modified":"2024-06-06T11:12:06","modified_gmt":"2024-06-06T11:12:06","slug":"abdominoplastia","status":"publish","type":"page","link":"http:\/\/www.alvarezyasociados.com\/home\/?page_id=434","title":{"rendered":"Abdominoplastia"},"content":{"rendered":"<div class=\"wpb-content-wrapper\"><p>[vc_row][vc_column]\t<!-- About Section -->\n\t<div class=\"about-section container-fluid no-left-padding no-right-padding\">\n\t\t<!-- Container -->\n\t\t<div class=\"container\">\n\t\t\t<div class=\"row\">\n\t\t\t\t\t\t\t\t\t\t<div class=\"col-md-8 col-sm-7 col-xs-12\">\n\t\t\t\t\t\t\t<div class=\"about-content\">\n\t\t\t\t\t\t\t\t<h5>Cirug\u00eda del abdomen<\/h5>\n\t\t\t\t\t\t\t\t\t\t<p>La abdominoplastia es la operaci\u00f3n consistente en la extirpaci\u00f3n del exceso de piel y grasa abdominal y en la correcci\u00f3n de la flaccidez muscular. Esta situaci\u00f3n de exceso de piel y relajaci\u00f3n de la pared abdominal se suele dar en pacientes que han tenido aumento de peso y p\u00e9rdida posterior o en mujeres que han tenido varios embarazos. La abdominoplastia consigue un abdomen m\u00e1s plano, m\u00e1s firme y una cintura m\u00e1s estrecha.<\/p>\n<p>La intervenci\u00f3n se realiza bajo anestesia general, practic\u00e1ndose una incisi\u00f3n por encima del vello pubiano que se prolonga hacia las caderas. Se libera la piel del abdomen y, si es preciso, se refuerzan con suturas los m\u00fasculos abdominales. Se tracciona hacia abajo la piel sobrante y se extirpa.<\/p>\n<p>Despu\u00e9s de la operaci\u00f3n el paciente llevar\u00e1 una faja especial, reforzada con un vendaje, seg\u00fan cada caso individual. Las cicatrices alrededor del ombligo y en el abdomen inferior ir\u00e1n mejorando con el transcurso del tiempo. No obstante, en algunos casos es preciso realizar una revisi\u00f3n cicatricial con anestesia local. M\u00e1s que en ninguna otra intervenci\u00f3n de Cirug\u00eda Est\u00e9tica vale la frase: ``el cirujano hace la sutura y el paciente la cicatriz``.<\/p>\n<p>Como posibles, aunque raras complicaciones, cabe mencionar la p\u00e9rdida de vitalidad (necrosis) de la piel situada por encima del pubis que puede requerir un tratamiento postoperatorio m\u00e1s prolongado. Igualmente pueden aparecer seromas y\/o hematomas que requieran evacuaci\u00f3n. <\/p>\n\t\t\t\t\t\t\t<\/div>\n\t\t\t\t\t\t<\/div>\n\t\t\t\t\t\t\t\t\t<\/div>\n\t\t<\/div><!-- Container \/- -->\n\t<\/div><!-- About Section -->\n\t[\/vc_column][\/vc_row][vc_row][vc_column][vc_empty_space][\/vc_column][\/vc_row][vc_row][vc_column][vc_tta_accordion style=&#8221;modern&#8221; shape=&#8221;square&#8221; color=&#8221;turquoise&#8221; active_section=&#8221;1&#8243;][vc_tta_section title=&#8221;\u00bfQu\u00e9 es la abdominoplastia?&#8221; tab_id=&#8221;1517506393687-7adde3bc-fdaf&#8221;][vc_column_text]La abdominoplastia es un procedimiento quir\u00fargico mayor cuya finalidad es extirpar el exceso de piel y grasa de la parte media y baja del abdomen y reforzar la musculatura de la pared abdominal. Este procedimiento puede reducir dr\u00e1sticamente el aspecto abombado del abdomen (coloquialmente conocido como &#8220;tripa&#8221;). A cambio, deja una cicatriz permanente que, dependiendo de la extensi\u00f3n del problema original y de la cirug\u00eda requerida para corregirlo, puede ser m\u00e1s o menos larga.<\/p>\n<p>Si usted esta considerando la posibilidad de someterse a una abdominoplastia, obtendr\u00e1 informaci\u00f3n b\u00e1sica acerca de la cirug\u00eda, cu\u00e1ndo est\u00e1 indicada, c\u00f3mo se realiza y qu\u00e9 resultados se pueden esperar. Sin embargo, es imposible que todas sus preguntas queden contestadas, puesto que en gran parte dependen de factores personales y de las preferencias del cirujano pl\u00e1stico.[\/vc_column_text][\/vc_tta_section][vc_tta_section title=&#8221;\u00bfQui\u00e9n es el candidato ideal para someterse a una abdominoplastia?&#8221; tab_id=&#8221;1517506393703-9738663d-cb93&#8243;][vc_column_text]<img decoding=\"async\" class=\"alignleft\" src=\"http:\/\/www.alvarezyasociados.com\/home\/images\/abdomen1.png\" alt=\"\" align=\"left\" border=\"0\" \/><span style=\"font-size: 16px;\">Los candidatos ideales para someterse a una abdominoplastia son aquellas mujeres u hombres que tienen una silueta relativamente buena pero que est\u00e1n preocupados por la acumulaci\u00f3n de grasa o por el exceso de piel en el abdomen y que no mejora a pesar de la dieta o el ejercicio f\u00edsico. Esta cirug\u00eda es especialmente \u00fatil en mujeres que han tenido varios embarazos, tras los cuales la piel y m\u00fasculos abdominales se han relajado y no han recuperado su tono inicial. Tambi\u00e9n puede mejor la p\u00e9rdida de elasticidad de la piel en gente mayor, situaci\u00f3n frecuentemente asociada a una obesidad moderada. Aquellos pacientes que deban perder mucho peso deben posponer la cirug\u00eda, al igual que las pacientes que pretendan tener futuros embarazos, ya que durante la cirug\u00eda se tensan los m\u00fasculos verticales del abdomen y pueden volver a relajarse en el transcurso de \u00e9ste. Si existen cicatrices previas en el abdomen, esta cirug\u00eda puede estar contraindicada o las cicatrices pueden cambiar de posici\u00f3n. En otros casos, esta cirug\u00eda consigue eliminarlas.<\/span>[\/vc_column_text][\/vc_tta_section][vc_tta_section title=&#8221;Planificando la cirug\u00eda&#8221; tab_id=&#8221;1517506404201-7e1e5363-6181&#8243;][vc_column_text]En la consulta inicial, el cirujano pl\u00e1stico evaluar\u00e1 su estado de salud, determinar\u00e1 la extensi\u00f3n de la acumulaci\u00f3n de grasa en la regi\u00f3n del abdomen y el tono de la piel. No olvide mencionar si es fumador, est\u00e1 tomando alguna medicaci\u00f3n o vitaminas. Debe exponer sus expectativas de manera sincera y franca, para que el cirujano pl\u00e1stico sea tambi\u00e9n franco y le muestre las alternativas disponibles para su problema, con los riesgos y limitaciones de cada una de ellas. Si por ejemplo usted s\u00f3lo tiene acumulaci\u00f3n de grasa en la zona debajo del ombligo, puede ser suficiente la realizaci\u00f3n de un procedimiento menos complejo denominado mini-abdominoplastia, que precisa una estancia menor en la cl\u00ednica y se realiza en menos tiempo. En otros casos, ya se vaya a realizar una abdominoplastia completa o una mini-abdominoplastia, puede asociarse una liposucci\u00f3n de las caderas que mejore la silueta corporal de manera m\u00e1s arm\u00f3nica. Algunos casos, incluso, pueden resolverse \u00fanicamente realizando liposucci\u00f3n del abdomen. En cualquier caso el cirujano pl\u00e1stico junto a usted, determinar\u00e1 cu\u00e1l es el procedimiento \u00f3ptimo que le proporcione una silueta corporal m\u00e1s adecuada. Durante la consulta, el cirujano pl\u00e1stico tambi\u00e9n le explicar\u00e1 cu\u00e1l es el tipo de anestesia que emplear\u00e1, la necesidad o no de ingresar en la cl\u00ednica donde se realice la cirug\u00eda y los costes de la intervenci\u00f3n. La abdominoplastia, excepto en casos invalidantes, no esta incluido en las prestaciones de la Seguridad Social.[\/vc_column_text][\/vc_tta_section][vc_tta_section title=&#8221;\u00bfD\u00f3nde se realiza la cirug\u00eda?&#8221; tab_id=&#8221;1517506404754-cd3fa9f3-7880&#8243;][vc_column_text]La abdominoplastia y la mini-abdominoplastia se realiza siempre en quir\u00f3fano, dentro de una cl\u00ednica u hospital. Son procedimientos que no deben realizarse la consulta. La liposucci\u00f3n tambi\u00e9n debe realizarse en quir\u00f3fano, bajo condiciones estrictas de asepsia.[\/vc_column_text][\/vc_tta_section][vc_tta_section title=&#8221;\u00bfQu\u00e9 tipo de anestesia se emplea?&#8221; tab_id=&#8221;1517506405305-9e47a634-4460&#8243;][vc_column_text]El tipo de anestesia m\u00e1s empleado para realizar una abdominoplastia es la anestesia general, durante la cual estar\u00e1 dormido hasta que finalice la cirug\u00eda. En algunos casos, sobre todo en la mini-abdominoplastia y en la liposucci\u00f3n abdominal se puede emplear anestesia local m\u00e1s sedaci\u00f3n, de manera que durante la cirug\u00eda usted estar\u00e1 despierto pero relajado, y la regi\u00f3n del abdomen queda insensible al dolor (en ocasiones puede sentirse alguna molestia).[\/vc_column_text][\/vc_tta_section][vc_tta_section title=&#8221;\u00bfEn qu\u00e9 consiste la cirug\u00eda?&#8221; tab_id=&#8221;1517506405877-5181ccd3-f5ec&#8221;][vc_column_text]<img decoding=\"async\" class=\"alignleft\" src=\"http:\/\/www.alvarezyasociados.com\/home\/images\/abdomen2.png\" alt=\"\" align=\"left\" border=\"0\" \/><span style=\"font-size: 16px;\">Una abdominoplastia completa suele durar entre 2 y 4 horas, dependiendo de la cantidad de correcci\u00f3n necesaria. Una mini-abdominoplastia suele durar entre 1 y 2 horas. La abdominoplastia se realiza a trav\u00e9s de una incisi\u00f3n larga de una cadera a la otra, justo encima del pubis. Se realiza una segunda incisi\u00f3n alrededor del ombligo, para poder separarlo de los tejidos de alrededor.<\/span><\/p>\n<p><span style=\"font-size: 16px;\">En la mini-abdominoplastia se emplea una incisi\u00f3n mucho m\u00e1s peque\u00f1a, tambi\u00e9n encima del pubis, no siendo necesaria la incisi\u00f3n alrededor del ombligo , que en algunos casos puede ser descendido al estirar la piel.<\/span><\/p>\n<p><span style=\"font-size: 16px;\">A continuaci\u00f3n, se separa la piel de la pared abdominal hacia arriba hasta alcanzar las costillas, exponiendo los m\u00fasculos abdominales. Estos m\u00fasculos son tensados y unidos en la l\u00ednea media, proporcionando as\u00ed una pared abdominal firme y una cintura m\u00e1s estrecha. La piel separada es estirada en direcci\u00f3n al pubis y la piel sobrante extirpa da; el ombligo se coloca en su nueva posici\u00f3n. Finalmente se realizan las suturas y se coloca un vendaje y un tubo de drenaje temporal para eliminar el exceso de fluidos que pueda acumularse en la zona intervenida. En la mini-abdominoplastia, la piel se separa solo entre la incisi\u00f3n y el ombligo, se extirpa la piel sobrante y se realizan las suturas.<\/span>[\/vc_column_text][\/vc_tta_section][vc_tta_section title=&#8221;Despu\u00e9s de la cirug\u00eda (post-operatorio)&#8221; tab_id=&#8221;1517506678948-8380f9c7-c504&#8243;][vc_column_text]<img decoding=\"async\" class=\"alignleft\" src=\"http:\/\/www.alvarezyasociados.com\/home\/images\/abdomen3.png\" alt=\"\" align=\"left\" border=\"0\" \/><span style=\"font-size: 16px;\">Durante los primeros d\u00edas el abdomen suele estar algo inflamado y pueden notarse algunas molestias o dolor que se controla con medicaci\u00f3n. Dependiendo de la extensi\u00f3n de la cirug\u00eda, se podr\u00e1 marchar a casa al cabo de unas horas o permanecer\u00e1 2 \u00f3 3 d\u00edas en la cl\u00ednica. Su cirujano pl\u00e1stico le dar\u00e1 instrucciones para ducharse y cambiarse los vendajes. A pesar de que al principio no deba estirarse del todo, deber\u00e1 comenzar a caminar tan pronto como sea posible. Los puntos de la piel externos ser\u00e1n retirados entre los 5 y 7 d\u00edas; los puntos internos, cuyos extremos salen por los extremos de la incisi\u00f3n, en 2 \u00f3 3 semanas. El vendaje se sustituir\u00e1 por una faja abdominal.<\/span>[\/vc_column_text][\/vc_tta_section][vc_tta_section title=&#8221;La vuelta a la normalidad&#8221; tab_id=&#8221;1517506772888-f334839c-4b87&#8243;][vc_column_text]Puede llevar de unas semanas a unos poco meses el volver a sentirse como antes. Si su estado f\u00edsico previo a la cirug\u00eda es bueno, incluyendo una musculatura abdominal fuerte, la recuperaci\u00f3n despu\u00e9s de la abdominoplastia ser\u00e1 m\u00e1s r\u00e1pida. Algunas personas vuelven a su trabajo en unas 2 semanas, mientras que otras precisan 3 \u00f3 4 semanas de reposo y recuperaci\u00f3n. El ejercicio f\u00edsico ayuda a recuperarse antes. Incluso la gente que no practica deporte antes de la cirug\u00eda debe realizar un programa de ejercicios para reducir la inflamaci\u00f3n, disminuir la posibilidad de formaci\u00f3n de trombos venosos y tonificar los m\u00fasculos. No obstante, los ejercicios fuertes deben evitarse hasta que uno se sienta c\u00f3modo. Las cicatrices pueden den dar el aspecto de empeorar durante los primeros 3 a 6 meses mientras est\u00e1n en periodo de curaci\u00f3n; esto es normal. Hay que esperar entre 9 meses y 1 a\u00f1o para que la cicatriz se aplane y aclare. A pesar de que las cicatrices no desaparecer\u00e1n nunca, estas no ser\u00e1n visibles, incluso cuando se lleve bikini o ba\u00f1ador.[\/vc_column_text][\/vc_tta_section][vc_tta_section title=&#8221;\u00bfExisten riesgos?\u00bfHay garant\u00edas?&#8221; tab_id=&#8221;1517506773844-966ad6cf-e241&#8243;][vc_column_text]Todos los a\u00f1os se realizan cientos de abdominoplastias con \u00e9xito. Cuando es realizada por un cirujano pl\u00e1stico cualificado los resultados suelen ser muy buenos. Sin embargo, siempre que se realiza una cirug\u00eda existen riegos, al igual que complicaciones relacionadas con este procedimiento en concreto. Las complicaciones tras la cirug\u00eda, como la infecci\u00f3n o los trombos venosos pueden ocurrir, pero son raros. La infecci\u00f3n se resuelve con antibi\u00f3ticos y drenaje, pero prolongar\u00e1 la estancia en la cl\u00ednica. Los trombos venosos se previenen moviendo las piernas y levant\u00e1ndose tan pronto como lo permita la cirug\u00eda. Una mala cicatrizaci\u00f3n puede producir una cicatriz de mala calidad que, a veces, precisar\u00e1 una segunda cirug\u00eda. Los fumadores deben dejar de fumar unas semanas antes de la cirug\u00eda y deben ser advertidos de que el tabaco aumenta la posibilidad de complicaciones y retrasa la cicatrizaci\u00f3n. Se puede reducir el riesgo de que surjan complicaciones siguiendo cuidadosamente las instrucciones que le d\u00e9 su cirujano pl\u00e1stico antes y despu\u00e9s de la cirug\u00eda, es especial aquellas que se refieren a cu\u00e1ndo reanudar la actividad f\u00edsica.[\/vc_column_text][\/vc_tta_section][vc_tta_section title=&#8221;Los resultados&#8221; tab_id=&#8221;1517506853731-056ac6c0-87bc&#8221;][vc_column_text]La abdominoplastia, ya sea completa o mini-abdominoplastia, proporciona resultados excelentes en pacientes cuyos m\u00fasculos abdominales est\u00e1n debilitados y poseen un exceso de piel y grasa. En la mayor\u00eda de los casos los resultados son definitivos, siempre y cuando se acompa\u00f1e de una dieta equilibrada y ejercicio peri\u00f3dico. Si usted es realista en sus expectativas y es capaz de tolerar la presencia de una cicatriz abdominal definitiva, aunque disimulable, y un periodo de recuperaci\u00f3n largo, la abdominoplastia puede ser adecuada para usted.[\/vc_column_text][\/vc_tta_section][vc_tta_section title=&#8221;Cirug\u00eda de las cicatrices abdominales&#8221; tab_id=&#8221;1517506854330-b437531e-880b&#8221;][vc_column_text]En ocasiones, existen cicatrices inest\u00e9ticas en la regi\u00f3n abdominal, casi siempre debidas a intervenciones quir\u00fargicas previas sobre la cavidad abdominal. A pesar de que no existen medios para hacer desaparecer completamente una cicatriz, si se puede mejorar su aspecto mediante una nueva intervenci\u00f3n en la que se extirpa la cicatriz y se vuelve a suturar en condiciones \u00f3ptimas. Estas intervenciones se realizan casi siempre bajo anestesia local con o sin sedaci\u00f3n; no suelen precisar ingreso hospitalario. La duraci\u00f3n del procedimiento suele ser de 1 hora. La recuperaci\u00f3n es r\u00e1pida.[\/vc_column_text][\/vc_tta_section][\/vc_tta_accordion][\/vc_column][\/vc_row][vc_row][vc_column][vc_empty_space height=&#8221;100px&#8221;][\/vc_column][\/vc_row][vc_row][vc_column width=&#8221;1\/4&#8243;][vc_btn title=&#8221;P\u00e1rpados y bolsas&#8221; style=&#8221;outline&#8221; shape=&#8221;round&#8221; color=&#8221;turquoise&#8221; align=&#8221;center&#8221; link=&#8221;url:https%3A%2F%2Fwww.alvarezyasociados.com%2Fhome%2F%3Fpage_id%3D422|||&#8221;][\/vc_column][vc_column width=&#8221;1\/4&#8243;][vc_btn title=&#8221;Orejas&#8221; style=&#8221;outline&#8221; shape=&#8221;round&#8221; color=&#8221;turquoise&#8221; align=&#8221;center&#8221; link=&#8221;url:https%3A%2F%2Fwww.alvarezyasociados.com%2Fhome%2F%3Fpage_id%3D361|||&#8221;][\/vc_column][vc_column width=&#8221;1\/4&#8243;][vc_btn title=&#8221;Nariz&#8221; style=&#8221;outline&#8221; shape=&#8221;round&#8221; color=&#8221;turquoise&#8221; align=&#8221;center&#8221; link=&#8221;url:https%3A%2F%2Fwww.alvarezyasociados.com%2Fhome%2F%3Fpage_id%3D424|||&#8221;][\/vc_column][vc_column width=&#8221;1\/4&#8243;][vc_btn title=&#8221;Ment\u00f3n&#8221; style=&#8221;outline&#8221; shape=&#8221;round&#8221; color=&#8221;turquoise&#8221; align=&#8221;center&#8221;][\/vc_column][\/vc_row][vc_row][vc_column width=&#8221;1\/4&#8243;][vc_btn title=&#8221;P\u00f3mulos&#8221; style=&#8221;outline&#8221; shape=&#8221;round&#8221; color=&#8221;turquoise&#8221; align=&#8221;center&#8221; link=&#8221;|||&#8221;][\/vc_column][vc_column width=&#8221;1\/4&#8243;][vc_btn title=&#8221;Lifting c\u00e9rvico-facial&#8221; style=&#8221;outline&#8221; shape=&#8221;round&#8221; color=&#8221;turquoise&#8221; align=&#8221;center&#8221; link=&#8221;url:https%3A%2F%2Fwww.alvarezyasociados.com%2Fhome%2F%3Fpage_id%3D430|||&#8221;][\/vc_column][vc_column width=&#8221;1\/4&#8243;][vc_btn title=&#8221;Mamas&#8221; style=&#8221;outline&#8221; shape=&#8221;round&#8221; color=&#8221;turquoise&#8221; align=&#8221;center&#8221; link=&#8221;|||&#8221;][\/vc_column][vc_column width=&#8221;1\/4&#8243;][vc_btn title=&#8221;Liposucci\u00f3n y lipoescultura&#8221; style=&#8221;outline&#8221; shape=&#8221;round&#8221; color=&#8221;turquoise&#8221; align=&#8221;center&#8221;][\/vc_column][\/vc_row][vc_row][vc_column width=&#8221;1\/3&#8243; offset=&#8221;vc_col-lg-offset-4&#8243;][vc_btn title=&#8221;Lifting muslos, gl\u00fateos y brazos&#8221; style=&#8221;outline&#8221; shape=&#8221;round&#8221; color=&#8221;turquoise&#8221; align=&#8221;center&#8221; link=&#8221;|||&#8221;][\/vc_column][\/vc_row][vc_row][vc_column][vc_empty_space height=&#8221;60px&#8221;][\/vc_column][\/vc_row][vc_row][vc_column width=&#8221;1\/6&#8243; offset=&#8221;vc_col-lg-offset-2&#8243;][vc_btn title=&#8221;Pl\u00e1stica Reparadora&#8221; style=&#8221;custom&#8221; custom_background=&#8221;#6d6d6d&#8221; custom_text=&#8221;#ffffff&#8221; shape=&#8221;round&#8221; size=&#8221;sm&#8221; align=&#8221;center&#8221; link=&#8221;url:https%3A%2F%2Fwww.alvarezyasociados.com%2Fhome%2F%3Fpage_id%3D353|||&#8221;][\/vc_column][vc_column width=&#8221;1\/6&#8243;][vc_btn title=&#8221;Pl\u00e1stica Est\u00e9tica&#8221; style=&#8221;custom&#8221; custom_background=&#8221;#6d6d6d&#8221; custom_text=&#8221;#ffffff&#8221; shape=&#8221;round&#8221; size=&#8221;sm&#8221; align=&#8221;center&#8221; link=&#8221;url:https%3A%2F%2Fwww.alvarezyasociados.com%2Fhome%2F%3Fpage_id%3D359|||&#8221;][\/vc_column][vc_column width=&#8221;1\/6&#8243;][vc_btn title=&#8221;Est\u00e9tica y Nutrici\u00f3n&#8221; style=&#8221;custom&#8221; custom_background=&#8221;#6d6d6d&#8221; custom_text=&#8221;#ffffff&#8221; shape=&#8221;round&#8221; size=&#8221;sm&#8221; align=&#8221;center&#8221; link=&#8221;url:https%3A%2F%2Fwww.alvarezyasociados.com%2Fhome%2F%3Fpage_id%3D363|||&#8221;][\/vc_column][vc_column width=&#8221;1\/6&#8243;][vc_btn title=&#8221;Procedimientos Auxiliares&#8221; style=&#8221;custom&#8221; custom_background=&#8221;#6d6d6d&#8221; custom_text=&#8221;#ffffff&#8221; shape=&#8221;round&#8221; size=&#8221;sm&#8221; align=&#8221;center&#8221; link=&#8221;url:https%3A%2F%2Fwww.alvarezyasociados.com%2Fhome%2F%3Fpage_id%3D367|||&#8221;][\/vc_column][\/vc_row][vc_row][vc_column][vc_empty_space height=&#8221;160px&#8221;][\/vc_column][\/vc_row]<\/p>\n<\/div>","protected":false},"excerpt":{"rendered":"<p>[vc_row][vc_column][\/vc_column][\/vc_row][vc_row][vc_column][vc_empty_space][\/vc_column][\/vc_row][vc_row][vc_column][vc_tta_accordion style=&#8221;modern&#8221; shape=&#8221;square&#8221; color=&#8221;turquoise&#8221; active_section=&#8221;1&#8243;][vc_tta_section title=&#8221;\u00bfQu\u00e9 es la abdominoplastia?&#8221; tab_id=&#8221;1517506393687-7adde3bc-fdaf&#8221;][vc_column_text]La abdominoplastia es un procedimiento quir\u00fargico mayor cuya finalidad es extirpar el exceso de piel y grasa de la parte media y baja del abdomen y reforzar la musculatura de la pared abdominal. Este procedimiento puede reducir dr\u00e1sticamente el aspecto abombado del abdomen (coloquialmente conocido como [&hellip;]<\/p>\n","protected":false},"author":1,"featured_media":0,"parent":0,"menu_order":0,"comment_status":"closed","ping_status":"closed","template":"","meta":{"footnotes":""},"class_list":["post-434","page","type-page","status-publish","hentry"],"_links":{"self":[{"href":"http:\/\/www.alvarezyasociados.com\/home\/index.php?rest_route=\/wp\/v2\/pages\/434","targetHints":{"allow":["GET"]}}],"collection":[{"href":"http:\/\/www.alvarezyasociados.com\/home\/index.php?rest_route=\/wp\/v2\/pages"}],"about":[{"href":"http:\/\/www.alvarezyasociados.com\/home\/index.php?rest_route=\/wp\/v2\/types\/page"}],"author":[{"embeddable":true,"href":"http:\/\/www.alvarezyasociados.com\/home\/index.php?rest_route=\/wp\/v2\/users\/1"}],"replies":[{"embeddable":true,"href":"http:\/\/www.alvarezyasociados.com\/home\/index.php?rest_route=%2Fwp%2Fv2%2Fcomments&post=434"}],"version-history":[{"count":7,"href":"http:\/\/www.alvarezyasociados.com\/home\/index.php?rest_route=\/wp\/v2\/pages\/434\/revisions"}],"predecessor-version":[{"id":1220,"href":"http:\/\/www.alvarezyasociados.com\/home\/index.php?rest_route=\/wp\/v2\/pages\/434\/revisions\/1220"}],"wp:attachment":[{"href":"http:\/\/www.alvarezyasociados.com\/home\/index.php?rest_route=%2Fwp%2Fv2%2Fmedia&parent=434"}],"curies":[{"name":"wp","href":"https:\/\/api.w.org\/{rel}","templated":true}]}}