{"id":453,"date":"2018-01-31T17:06:52","date_gmt":"2018-01-31T17:06:52","guid":{"rendered":"http:\/\/dev.alvarezyasociados.com\/clinica-alvarez\/?page_id=453"},"modified":"2024-06-06T11:21:07","modified_gmt":"2024-06-06T11:21:07","slug":"celulitis-2","status":"publish","type":"page","link":"http:\/\/www.alvarezyasociados.com\/home\/?page_id=453","title":{"rendered":"Celulitis"},"content":{"rendered":"<div class=\"wpb-content-wrapper\"><p>[vc_row][vc_column]\t<!-- About Section -->\n\t<div class=\"about-section container-fluid no-left-padding no-right-padding\">\n\t\t<!-- Container -->\n\t\t<div class=\"container\">\n\t\t\t<div class=\"row\">\n\t\t\t\t\t\t\t\t\t\t<div class=\"col-md-8 col-sm-7 col-xs-12\">\n\t\t\t\t\t\t\t<div class=\"about-content\">\n\t\t\t\t\t\t\t\t<h5>Celulitis y ac\u00famulos de grasa<\/h5>\n\t\t\t\t\t\t\t\t\t\t<p>La celulitis es un problema que afecta a todas las mujeres, j\u00f3venes o de mediana edad, delgadas o con exceso de peso. Pr\u00e1cticamente todas las mujeres son v\u00edctimas de la celulitis y el problema empeora con los a\u00f1os. Poco a poco, se instala la piel de naranja y aparecen bultos en las caderas, el vientre, los muslos y las nalgas. Basta con llevar una vida sedentaria y una alimentaci\u00f3n desequilibrada para que la situaci\u00f3n se agrave, con la aparici\u00f3n de grasas localizadas. Adem\u00e1s hay que tener en cuenta que los tejidos femeninos son sensibles a las variaciones hormonales (menstruaci\u00f3n, embarazo, menopausia) que favorecen el almacenamiento y la reserva. <\/p>\n\t\t\t\t\t\t\t<\/div>\n\t\t\t\t\t\t<\/div>\n\t\t\t\t\t\t\t\t\t<\/div>\n\t\t<\/div><!-- Container \/- -->\n\t<\/div><!-- About Section -->\n\t[\/vc_column][\/vc_row][vc_row][vc_column][vc_empty_space][\/vc_column][\/vc_row][vc_row][vc_column][vc_tta_accordion style=&#8221;modern&#8221; shape=&#8221;square&#8221; color=&#8221;turquoise&#8221; active_section=&#8221;1&#8243;][vc_tta_section title=&#8221;\u00bfPor qu\u00e9 aparece la celulitis?&#8221; tab_id=&#8221;1517507215257-05dd685f-7e68&#8243;][vc_column_text]El aspecto abultado de la celulitis se debe a un almacenamiento anormal en el tejido conjuntivo cut\u00e1neo y subcut\u00e1neo. El problema, t\u00edpicamente femenino, consiste en un almacenamiento de grasa en los adipocitos (c\u00e9lulas adiposas de la hipodermis) y de agua alrededor (dermis e hipodermis). A medida que crecen los adipocitos, las membranas que los envuelven se deforman y tiran de sus puntos de fijaci\u00f3n cut\u00e1nea, lo que provoca la aparici\u00f3n de bultos. Llegado este punto, el principal problema es que el proceso se mantiene autom\u00e1ticamente debido a la obstrucci\u00f3n de la circulaci\u00f3n sangu\u00ednea con estancamiento de las toxinas, empobrecimiento \u00a0nutritivo, congesti\u00f3n del gel conjuntivo que pierde elasticidad y aparici\u00f3n de fibrosis. Este proceso, con resultados muy antiest\u00e9ticos, convierte las zonas celul\u00edticas en regiones inertes y abandonadas, que no reaccionan ante el ejercicio f\u00edsico ni los reg\u00edmenes de adelgazamiento m\u00e1s radicales.[\/vc_column_text][\/vc_tta_section][vc_tta_section title=&#8221;\u00bfCu\u00e1l es el tratamiento para estos problemas?&#8221; tab_id=&#8221;1517507215266-cc75bf09-2030&#8243;][vc_column_text]Es necesario mentalizarse de que la celulitis es un proceso cr\u00f3nico mejorable, pero generalmente no curable y que precisar\u00e1 mantenimiento de por vida para estabilizar los resultados. El tratamiento de la celullitis es dif\u00edcil y si bien los resultados en muchos casos son espectaculares, en otros son decepcionantes sin que podamos saber por qu\u00e9 , pero debemos siempre tratarlos para evitar que progresen.[\/vc_column_text][\/vc_tta_section][\/vc_tta_accordion][\/vc_column][\/vc_row][vc_row][vc_column][vc_empty_space height=&#8221;100px&#8221;][\/vc_column][\/vc_row][vc_row][vc_column width=&#8221;1\/3&#8243;][vc_btn title=&#8221;Exceso de vello con l\u00e1ser&#8221; style=&#8221;outline&#8221; shape=&#8221;round&#8221; color=&#8221;turquoise&#8221; align=&#8221;center&#8221;][\/vc_column][vc_column width=&#8221;1\/3&#8243;][vc_btn title=&#8221;Obesidad y nutrici\u00f3n&#8221; style=&#8221;outline&#8221; shape=&#8221;round&#8221; color=&#8221;turquoise&#8221; align=&#8221;center&#8221;][\/vc_column][vc_column width=&#8221;1\/3&#8243;][vc_btn title=&#8221;Tratamientos de la piel&#8221; style=&#8221;outline&#8221; shape=&#8221;round&#8221; color=&#8221;turquoise&#8221; align=&#8221;center&#8221;][\/vc_column][\/vc_row][vc_row][vc_column][vc_empty_space height=&#8221;60px&#8221;][\/vc_column][\/vc_row][vc_row][vc_column width=&#8221;1\/6&#8243; offset=&#8221;vc_col-lg-offset-2&#8243;][vc_btn title=&#8221;Pl\u00e1stica Reparadora&#8221; style=&#8221;custom&#8221; custom_background=&#8221;#6d6d6d&#8221; custom_text=&#8221;#ffffff&#8221; shape=&#8221;round&#8221; size=&#8221;sm&#8221; align=&#8221;center&#8221; link=&#8221;url:https%3A%2F%2Fwww.alvarezyasociados.com%2Fhome%2F%3Fpage_id%3D353|||&#8221;][\/vc_column][vc_column width=&#8221;1\/6&#8243;][vc_btn title=&#8221;Pl\u00e1stica Est\u00e9tica&#8221; style=&#8221;custom&#8221; custom_background=&#8221;#6d6d6d&#8221; custom_text=&#8221;#ffffff&#8221; shape=&#8221;round&#8221; size=&#8221;sm&#8221; align=&#8221;center&#8221; link=&#8221;url:https%3A%2F%2Fwww.alvarezyasociados.com%2Fhome%2F%3Fpage_id%3D359|||&#8221;][\/vc_column][vc_column width=&#8221;1\/6&#8243;][vc_btn title=&#8221;Est\u00e9tica y Nutrici\u00f3n&#8221; style=&#8221;custom&#8221; custom_background=&#8221;#6d6d6d&#8221; custom_text=&#8221;#ffffff&#8221; shape=&#8221;round&#8221; size=&#8221;sm&#8221; align=&#8221;center&#8221; link=&#8221;url:https%3A%2F%2Fwww.alvarezyasociados.com%2Fhome%2F%3Fpage_id%3D363|||&#8221;][\/vc_column][vc_column width=&#8221;1\/6&#8243;][vc_btn title=&#8221;Procedimientos Auxiliares&#8221; style=&#8221;custom&#8221; custom_background=&#8221;#6d6d6d&#8221; custom_text=&#8221;#ffffff&#8221; shape=&#8221;round&#8221; size=&#8221;sm&#8221; align=&#8221;center&#8221; link=&#8221;url:https%3A%2F%2Fwww.alvarezyasociados.com%2Fhome%2F%3Fpage_id%3D367|||&#8221;][\/vc_column][\/vc_row][vc_row][vc_column][vc_empty_space height=&#8221;160px&#8221;][\/vc_column][\/vc_row]<\/p>\n<\/div>","protected":false},"excerpt":{"rendered":"<p>[vc_row][vc_column][\/vc_column][\/vc_row][vc_row][vc_column][vc_empty_space][\/vc_column][\/vc_row][vc_row][vc_column][vc_tta_accordion style=&#8221;modern&#8221; shape=&#8221;square&#8221; color=&#8221;turquoise&#8221; active_section=&#8221;1&#8243;][vc_tta_section title=&#8221;\u00bfPor qu\u00e9 aparece la celulitis?&#8221; tab_id=&#8221;1517507215257-05dd685f-7e68&#8243;][vc_column_text]El aspecto abultado de la celulitis se debe a un almacenamiento anormal en el tejido conjuntivo cut\u00e1neo y subcut\u00e1neo. El problema, t\u00edpicamente femenino, consiste en un almacenamiento de grasa en los adipocitos (c\u00e9lulas adiposas de la hipodermis) y de agua alrededor (dermis e hipodermis). A [&hellip;]<\/p>\n","protected":false},"author":1,"featured_media":0,"parent":0,"menu_order":0,"comment_status":"closed","ping_status":"closed","template":"","meta":{"footnotes":""},"class_list":["post-453","page","type-page","status-publish","hentry"],"_links":{"self":[{"href":"http:\/\/www.alvarezyasociados.com\/home\/index.php?rest_route=\/wp\/v2\/pages\/453","targetHints":{"allow":["GET"]}}],"collection":[{"href":"http:\/\/www.alvarezyasociados.com\/home\/index.php?rest_route=\/wp\/v2\/pages"}],"about":[{"href":"http:\/\/www.alvarezyasociados.com\/home\/index.php?rest_route=\/wp\/v2\/types\/page"}],"author":[{"embeddable":true,"href":"http:\/\/www.alvarezyasociados.com\/home\/index.php?rest_route=\/wp\/v2\/users\/1"}],"replies":[{"embeddable":true,"href":"http:\/\/www.alvarezyasociados.com\/home\/index.php?rest_route=%2Fwp%2Fv2%2Fcomments&post=453"}],"version-history":[{"count":7,"href":"http:\/\/www.alvarezyasociados.com\/home\/index.php?rest_route=\/wp\/v2\/pages\/453\/revisions"}],"predecessor-version":[{"id":1381,"href":"http:\/\/www.alvarezyasociados.com\/home\/index.php?rest_route=\/wp\/v2\/pages\/453\/revisions\/1381"}],"wp:attachment":[{"href":"http:\/\/www.alvarezyasociados.com\/home\/index.php?rest_route=%2Fwp%2Fv2%2Fmedia&parent=453"}],"curies":[{"name":"wp","href":"https:\/\/api.w.org\/{rel}","templated":true}]}}