{"id":1245,"date":"2018-06-21T11:22:11","date_gmt":"2018-06-21T11:22:11","guid":{"rendered":"http:\/\/dev.alvarezyasociados.com\/?page_id=1245"},"modified":"2018-06-21T11:23:21","modified_gmt":"2018-06-21T11:23:21","slug":"informacion-legal","status":"publish","type":"page","link":"https:\/\/www.alvarezyasociados.com\/home\/?page_id=1245","title":{"rendered":"Informaci\u00f3n legal"},"content":{"rendered":"<h1 class=\"uk-article-title\">Informaci\u00f3n Legal<\/h1>\n<div>\n<p>Este aviso e informaci\u00f3n legal regula la utilizaci\u00f3n del servicio de la p\u00e1gina Web de Internet\u00a0<a href=\"http:\/\/www.alvarezyasociados.com\/home\/\">www.alvarezyasociados.com<\/a> que <strong>Cl\u00ednica \u00c1lvarez y asociados<\/strong> pone a disposici\u00f3n de los usuarios de Internet.<\/p>\n<p>Cl\u00ednica \u00c1lvarez y asociados con domicilio social en Calle Ya\u00f1ez Rebolo 8, Bajo, (27004 Lugo); con CIF n\u00famero\u00a0B27244607.<\/p>\n<p>La utilizaci\u00f3n de la p\u00e1gina Web atribuye la condici\u00f3n de usuario e implica la aceptaci\u00f3n plena y sin reservas de todas y cada una de las disposiciones incluidas en este Aviso Legal en la versi\u00f3n publicada por\u00a0<strong>Cl\u00ednica \u00c1lvarez y asociados<\/strong> en el mismo momento en que el usuario accede a la p\u00e1gina. La utilizaci\u00f3n de algunos servicios ofrecidos a los usuarios mediante la p\u00e1gina Web puede encontrarse sometida a condiciones particulares propias que, seg\u00fan el caso, substituyen y\/o modifican este Aviso Legal. Por lo tanto, con anterioridad a la utilizaci\u00f3n del servicio, el usuario tambi\u00e9n ha de leer atentamente las correspondientes condiciones particulares.<\/p>\n<p>Los contenidos de todo tipo incluidos en estas p\u00e1ginas web, se hallan accesibles al p\u00fablico con el prop\u00f3sito de proporcionar informaci\u00f3n y los productos y servicios comercializados por ella, a las personas interesadas en los mismos, as\u00ed como facilitar, en su caso, el acceso a otras informaciones, productos y servicios de terceras personas y entidades distintas a la prestadora del servicio que puedan resultar de inter\u00e9s a quienes accedan a ellos. Dichos contenidos son facilitados de buena fe, con informaci\u00f3n procedente total o parcialmente de fuentes externas a la propia sociedad; en raz\u00f3n de esta circunstancia y de la gran cantidad de informaci\u00f3n accesible, alguno de los datos o textos disponibles podr\u00edan no ser completamente exactos o actualizados, por lo que la\u00a0<strong>Cl\u00ednica \u00c1lvarez y asociados<\/strong> responder\u00e1 \u00fanica y exclusivamente de los contenidos directamente originados por ella e identificados con su copyright.<\/p>\n<p>El acceso a las p\u00e1ginas web de la\u00a0<strong>Cl\u00ednica \u00c1lvarez y asociados<\/strong> no implica ning\u00fan tipo de garant\u00eda, que expresamente se reh\u00fasa por la\u00a0<strong>Cl\u00ednica \u00c1lvarez y asociados<\/strong>, respecto a la idoneidad de los contenidos incluidos en las mismas para fines particulares de quien acceda a ellas. En consecuencia, tanto el acceso a dichas p\u00e1ginas web, como el uso que pueda hacerse de la informaci\u00f3n y contenidos incluidos en las mismas, se efect\u00faa bajo la exclusiva responsabilidad de quien lo realice, y la\u00a0<strong>Cl\u00ednica \u00c1lvarez y asociados<\/strong> no responder\u00e1 en ning\u00fan caso y en ninguna medida, ni por da\u00f1os directos ni indirectos, ni por da\u00f1o emergente ni por lucro cesante, por los eventuales perjuicios derivados del uso de la informaci\u00f3n y contenidos accesibles en dichas p\u00e1ginas web o del acceso a otras p\u00e1ginas web o contenidos de terceros a trav\u00e9s de las conexiones, v\u00ednculos y &#8220;links&#8221; existentes. Asimismo, la\u00a0<strong>Cl\u00ednica \u00c1lvarez y asociados<\/strong> no ser\u00e1 en ning\u00fan caso responsable, ni siquiera de forma indirecta o subsidiaria, por productos o servicios prestados u ofertados por otras personas o entidades, o por contenidos, informaciones, comunicaciones, opiniones o manifestaciones de cualquier tipo originados o vertidos por terceros y que resulten accesibles a trav\u00e9s de las p\u00e1ginas web de la\u00a0<strong>Cl\u00ednica \u00c1lvarez y asociados<\/strong>.<\/p>\n<p>Todos los contenidos accesibles en las p\u00e1ginas web de la\u00a0<strong>Cl\u00ednica \u00c1lvarez y asociados<\/strong> est\u00e1n sujetos a derechos de propiedad intelectual e industrial de la propia\u00a0<strong>Cl\u00ednica \u00c1lvarez y asociados<\/strong> o de otros terceros titulares de los mismos. En ning\u00fan caso el acceso a dichas p\u00e1ginas web implica ning\u00fan tipo de renuncia, transmisi\u00f3n o cesi\u00f3n total ni parcial de dichos derechos, ni confiere ning\u00fan derecho de utilizaci\u00f3n, alteraci\u00f3n, explotaci\u00f3n, reproducci\u00f3n, distribuci\u00f3n o comunicaci\u00f3n p\u00fablica sobre dichos contenidos sin la previa y expresa autorizaci\u00f3n, espec\u00edficamente otorgada a tal efecto por parte de la\u00a0<strong>Cl\u00ednica \u00c1lvarez y asociados<\/strong> o del tercero titular de los derechos afectados, a salvo del derecho de visualizar y obtener una copia privada de seguridad de tales contenidos, siempre que dicho derecho se ejercite seg\u00fan los principios de la buena fe y que en todo caso se mantenga inalterado en la eventual copia privada de seguridad el &#8220;copyright&#8221; y dem\u00e1s datos identificativos de los derechos de la\u00a0<strong>Cl\u00ednica \u00c1lvarez y asociados<\/strong> o terceros titulares de los mismos sobre tales contenidos, as\u00ed como que se realice sin fines comerciales y exclusivamente para informaci\u00f3n personal del usuario.<\/p>\n<p>La\u00a0<strong>Cl\u00ednica \u00c1lvarez y asociados<\/strong> se reserva el derecho de suspender temporalmente, y sin necesidad de previo aviso, la accesibilidad de sus p\u00e1ginas web en raz\u00f3n de la eventual necesidad de efectuar operaciones de mantenimiento, reparaci\u00f3n, actualizaci\u00f3n o mejora de las mismas. Asimismo la\u00a0<strong>Cl\u00ednica \u00c1lvarez y asociados<\/strong> se reserva en todo caso el derecho unilateral de modificar las condiciones de acceso a las mismas, as\u00ed como los contenidos en ellas incluidos. El acceso a las P\u00e1ginas Web de la\u00a0<strong>Cl\u00ednica \u00c1lvarez y asociados<\/strong> est\u00e1 condicionado a que en todo momento se realice un uso l\u00edcito y honrado de las mismas, bajo los principios de la buena fe y con respeto en todo caso a la legalidad vigente y a los derechos de la propia\u00a0<strong>Cl\u00ednica \u00c1lvarez y asociados<\/strong> y de terceros, y espec\u00edficamente a la no realizaci\u00f3n de ninguna actuaci\u00f3n (incluida la introducci\u00f3n o difusi\u00f3n de &#8220;virus inform\u00e1ticos&#8221;) que provoque da\u00f1os o alteraciones no autorizadas de los contenidos o sistemas de cualquier clase, accesibles a trav\u00e9s de dichas p\u00e1ginas web, as\u00ed como a no intervenir o alterar de ning\u00fan modo correos electr\u00f3nicos de otros usuarios sin autorizaci\u00f3n de los mismos, y, de modo general, a no realizar ninguna actuaci\u00f3n en perjuicio de la propia\u00a0<strong>Cl\u00ednica \u00c1lvarez y asociados<\/strong> o de terceros.<\/p>\n<p>C\u00f3digo de Conducta para sitios Web de Salud y Medicina de la Health On the Net Foundation.<\/p>\n<p><strong>Principio 1:<\/strong>\u00a0Cualquier consejo m\u00e9dico de salud sugerido en este sitio web solo ser\u00e1 proporcionado por personal m\u00e9dico cualificado salvo que se especifique claramente que un consejo se ofrece por una organizaci\u00f3n o individuo no m\u00e9dico.<\/p>\n<p><strong>Principio 2:<\/strong>\u00a0La informaci\u00f3n suministrada en este sitio est\u00e1 dirigida a complementar, no a reemplazar, la relaci\u00f3n que existe entre un paciente o visitante y su m\u00e9dico.<\/p>\n<p><strong>Principio 3:<\/strong>\u00a0Este sitio web respeta la confidencialidad de los datos relativos a pacientes individuales y visitantes, incluyendo su identidad personal. Los propietarios de este sitio web cumplir\u00e1n los requisitos legales sobre informaci\u00f3n m\u00e9dica de aplicaci\u00f3n en el pa\u00eds donde est\u00e9 ubicado el servidor.<\/p>\n<p><strong>Principio 4:<\/strong>\u00a0Cuando sea apropiado, la informaci\u00f3n contenida en este sitio ser\u00e1 apoyada con referencias claras a las fuentes de los datos y, si es posible, se establecer\u00e1n enlaces HTML a esos datos. La fecha en que se haya modificado por \u00faltima vez una p\u00e1gina cl\u00ednica estar\u00e1 claramente identificada (ej. al final de la p\u00e1gina).<\/p>\n<p><strong>Principio 5:<\/strong>\u00a0Cualquier queja relativa a los beneficios o rendimiento de un tratamiento espec\u00edfico, producto comercial o servicio ser\u00e1 apoyada con las evidencias adecuadas, de la forma indicada en el anteriormente citado Principio 4.<\/p>\n<p><strong>Principio 6:<\/strong>\u00a0Los dise\u00f1adores de este sitio web intentar\u00e1n dar informaci\u00f3n de la forma m\u00e1s clara posible y dar\u00e1 direcciones de contacto para que los visitantes puedan buscar informaci\u00f3n adicional. El Webmaster indicar\u00e1 su direcci\u00f3n E-mail claramente en todo el sitio Web.<\/p>\n<p><strong>Principio 7:<\/strong>\u00a0El patrocinio de este sitio web estar\u00e1 claramente identificado, incluyendo la identidad de las organizaciones comerciales y no-comerciales que hayan contribuido con fondos o equipo para este sitio.<\/p>\n<p><strong>Principio 8:<\/strong>\u00a0Si la publicidad es una fuente de financiaci\u00f3n de este sitio, se indicar\u00e1 claramente. Se mostrar\u00e1 una breve descripci\u00f3n de la pol\u00edtica publicitaria adoptada por los propietarios en el propio web. Los anuncios y otro material promocional ser\u00e1n presentados a los visitantes en una manera y contexto que faciliten la diferenciaci\u00f3n entre \u00e9ste y el material original creado por la instituci\u00f3n que gestiona el sitio.<\/p>\n<p>La prestaci\u00f3n del servicio de la p\u00e1gina Web y de los otros servicios tiene, en principio, una duraci\u00f3n indefinida.\u00a0<strong>Cl\u00ednica \u00c1lvarez y asociados<\/strong>, no obstante, est\u00e1 autorizada a dar por finalizada o suspender la prestaci\u00f3n del servicio de la p\u00e1gina Web y\/o de cualquiera de los servicios en cualquier momento, sin perjuicio del que se haya dispuesto al respecto en las correspondientes condiciones particulares. Si es razonablemente posible,\u00a0<strong>Cl\u00ednica \u00c1lvarez y asociados<\/strong>, avisar\u00e1 previamente de la finalizaci\u00f3n o suspensi\u00f3n de la prestaci\u00f3n del servicio de p\u00e1gina Web y de los otros servicios.<\/p>\n<p>Las posibles preguntas al respecto de esta declaraci\u00f3n deben dirigirse al coordinador del site Web de\u00a0<strong>Cl\u00ednica \u00c1lvarez y asociados<\/strong> (<a href=\"mailto:infoclinica@alvarezyasociados.com\">infoclinica@alvarezyasociados.com<\/a>) para su aclaraci\u00f3n o bien a:<\/p>\n<p>Cl\u00ednica \u00c1lvarez y asociados<br \/>\nCalle Ya\u00f1ez Rebolo 8, Bajo<br \/>\n27004 Lugo<\/p>\n<\/div>\n","protected":false},"excerpt":{"rendered":"<p>Informaci\u00f3n Legal Este aviso e informaci\u00f3n legal regula la utilizaci\u00f3n del servicio de la p\u00e1gina Web de Internet\u00a0www.alvarezyasociados.com que Cl\u00ednica \u00c1lvarez y asociados pone a disposici\u00f3n de los usuarios de Internet. Cl\u00ednica \u00c1lvarez y asociados con domicilio social en Calle Ya\u00f1ez Rebolo 8, Bajo, (27004 Lugo); con CIF n\u00famero\u00a0B27244607. La utilizaci\u00f3n de la p\u00e1gina Web [&hellip;]<\/p>\n","protected":false},"author":1,"featured_media":0,"parent":0,"menu_order":0,"comment_status":"closed","ping_status":"closed","template":"","meta":{"footnotes":""},"class_list":["post-1245","page","type-page","status-publish","hentry"],"_links":{"self":[{"href":"https:\/\/www.alvarezyasociados.com\/home\/index.php?rest_route=\/wp\/v2\/pages\/1245","targetHints":{"allow":["GET"]}}],"collection":[{"href":"https:\/\/www.alvarezyasociados.com\/home\/index.php?rest_route=\/wp\/v2\/pages"}],"about":[{"href":"https:\/\/www.alvarezyasociados.com\/home\/index.php?rest_route=\/wp\/v2\/types\/page"}],"author":[{"embeddable":true,"href":"https:\/\/www.alvarezyasociados.com\/home\/index.php?rest_route=\/wp\/v2\/users\/1"}],"replies":[{"embeddable":true,"href":"https:\/\/www.alvarezyasociados.com\/home\/index.php?rest_route=%2Fwp%2Fv2%2Fcomments&post=1245"}],"version-history":[{"count":1,"href":"https:\/\/www.alvarezyasociados.com\/home\/index.php?rest_route=\/wp\/v2\/pages\/1245\/revisions"}],"predecessor-version":[{"id":1246,"href":"https:\/\/www.alvarezyasociados.com\/home\/index.php?rest_route=\/wp\/v2\/pages\/1245\/revisions\/1246"}],"wp:attachment":[{"href":"https:\/\/www.alvarezyasociados.com\/home\/index.php?rest_route=%2Fwp%2Fv2%2Fmedia&parent=1245"}],"curies":[{"name":"wp","href":"https:\/\/api.w.org\/{rel}","templated":true}]}}