{"id":384,"date":"2018-01-31T11:08:25","date_gmt":"2018-01-31T11:08:25","guid":{"rendered":"http:\/\/dev.alvarezyasociados.com\/clinica-alvarez\/?page_id=384"},"modified":"2024-06-06T10:36:09","modified_gmt":"2024-06-06T10:36:09","slug":"extremidades-inferiores","status":"publish","type":"page","link":"https:\/\/www.alvarezyasociados.com\/home\/?page_id=384","title":{"rendered":"Extremidades Inferiores"},"content":{"rendered":"<div class=\"wpb-content-wrapper\"><p>[vc_row][vc_column]\t<!-- About Section -->\n\t<div class=\"about-section container-fluid no-left-padding no-right-padding\">\n\t\t<!-- Container -->\n\t\t<div class=\"container\">\n\t\t\t<div class=\"row\">\n\t\t\t\t\t\t\t\t\t\t<div class=\"col-md-8 col-sm-7 col-xs-12\">\n\t\t\t\t\t\t\t<div class=\"about-content\">\n\t\t\t\t\t\t\t\t<h5>Cirug\u00eda de las extremidades inferiores<\/h5>\n\t\t\t\t\t\t\t\t\t\t<p>Se han hecho dram\u00e1ticos avances en los a\u00f1os recientes en el tratamiento de los traumatismos del miembro inferior, trastornos degenerativos y de los tumores de esta \u00e1rea. Al frente de estos avances han estado los cirujanos pl\u00e1sticos cuyo m\u00e1ximo objetivo es aportar funci\u00f3n y apariencia. Los cirujanos pl\u00e1sticos tienen una formaci\u00f3n intensa en cirug\u00eda de extremidades, y pueden tratar pacientes con una gran variedad de problemas de esta \u00e1rea.<\/p>\n<p>Esta informaci\u00f3n esta dise\u00f1ada para darle un conocimiento b\u00e1sico de los problemas mas comunes del miembro inferior- cuales son, que puede hacer por ellos un cirujano pl\u00e1stico, y los resultados que puede esperar. Esto no puede contestar a todas sus preguntas, ya que cada problema es \u00fanico y en gran parte depende de sus circunstancias personales. Por favor aseg\u00farese de preguntarnos todo lo que no entienda acerca de su problema y del procedimiento.<\/p>\n<p>Si tiene alg\u00fan problema relacionado con la extremidad inferior, fundamentalmente con las partes blandas, la consulta con un cirujano pl\u00e1stico es un buen lugar para empezar. Le examinaremos, discutiremos los posibles m\u00e9todos de tratamiento de su problema, y le comunicaremos las posibilidades de \u00e9xito. Discutiremos con usted el procedimiento en detalle, incluyendo donde y como se realizar\u00eda la cirug\u00eda, la anestesia, y las t\u00e9cnicas quir\u00fargicas recomendadas, los posibles riesgos y complicaciones, la recuperaci\u00f3n y el periodo de rehabilitaci\u00f3n, y la posible recuperaci\u00f3n en t\u00e9rminos de apariencia y funci\u00f3n.<\/p>\n<p>No dude en preguntarnos cualquier duda que tenga durante la consulta inicial \u2013 incluyendo cuestiones acerca del procedimiento recomendado y los costes del mismo.<\/p>\n<p>Se realizan al a\u00f1o miles de operaciones con \u00e9xito. Estos procedimientos son generalmente seguros cuando son realizados por cirujanos con experiencia, no obstante siempre puede haber alguna complicaci\u00f3n que debe conocer.<\/p>\n<p>En todos los tipos de cirug\u00eda, las posibles complicaciones incluyen infecci\u00f3n, cicatrizaci\u00f3n pobre, perdida de sensibilidad o de movilidad, hematomas, y reacciones adversas a la anestesia. Estas complicaciones son infrecuentes sin embargo, y generalmente pueden ser tratadas. Los riesgos se pueden reducir eligiendo un cirujano pl\u00e1stico cualificado y siguiendo cuidadosamente sus consejos.<\/p>\n\t\t\t\t\t\t\t<\/div>\n\t\t\t\t\t\t<\/div>\n\t\t\t\t\t\t\t\t\t<\/div>\n\t\t<\/div><!-- Container \/- -->\n\t<\/div><!-- About Section -->\n\t[\/vc_column][\/vc_row][vc_row][vc_column][vc_empty_space][\/vc_column][\/vc_row][vc_row][vc_column][vc_tta_accordion style=&#8221;modern&#8221; shape=&#8221;square&#8221; color=&#8221;turquoise&#8221; active_section=&#8221;1&#8243;][vc_tta_section title=&#8221;Traumatismos de la extremidad inferior&#8221; tab_id=&#8221;1517484649648-c7d71861-e2a3&#8243;][vc_column_text]<img loading=\"lazy\" decoding=\"async\" class=\"size-medium wp-image-499 alignleft\" src=\"http:\/\/dev.alvarezyasociados.com\/clinica-alvarez\/wp-content\/uploads\/2018\/01\/shutterstock_105589937-200x300.jpg\" alt=\"\" width=\"200\" height=\"300\" srcset=\"https:\/\/www.alvarezyasociados.com\/home\/wp-content\/uploads\/2018\/01\/shutterstock_105589937-200x300.jpg 200w, https:\/\/www.alvarezyasociados.com\/home\/wp-content\/uploads\/2018\/01\/shutterstock_105589937.jpg 667w\" sizes=\"auto, (max-width: 200px) 100vw, 200px\" \/><\/p>\n<p>Los procedimientos m\u00e1s comunes en cirug\u00eda reconstructiva de la extremidad inferior son aquellos destinados a reparar traumatismos con exposici\u00f3n \u00f3sea. Las t\u00e9cnicas modernas han mejorado de forma importante la capacidad del cirujano de restaurar la funci\u00f3n y apariencia, incluso en da\u00f1os severos.<\/p>\n<p>Entre las t\u00e9cnicas empleadas por cirujanos pl\u00e1sticos est\u00e1n:<\/p>\n<p>Injertos: La transferencia de piel, hueso, nervios, y otros tejidos de una parte sana del cuerpo para reparar la parte da\u00f1ada;<\/p>\n<p>Cirug\u00eda de colgajos: la movilizaci\u00f3n de piel con tejido subcut\u00e1neo, vasos sangu\u00edneos, y m\u00fasculo o hueso de otra parte del cuerpo hasta el lugar que ha sufrido el traumatismo;<\/p>\n<p>En muchos casos, la cirug\u00eda puede restaurar de forma significativa la sensibilidad y funci\u00f3n de la zona da\u00f1ada. Sin embargo la recuperaci\u00f3n puede llevar meses, y generalmente se necesita un periodo fisioterapia y rehabilitaci\u00f3n.[\/vc_column_text][\/vc_tta_section][vc_tta_section title=&#8221;Tumoraciones de partes blandas de la extremidad inferior&#8221; tab_id=&#8221;1517484649659-a3c08ccf-c4c6&#8243;][vc_column_text]La extirpaci\u00f3n de lesiones tumorales de la extremidad inferior generalmente deja secuelas en los siguientes aspectos: defectos de cobertura con exposici\u00f3n \u00f3sea, problemas funcionales por retracciones tisulares en articulaciones y defectos funcionales por resecci\u00f3n de grupos musculares importantes. En todos estos casos el cirujano pl\u00e1stico puede aportar sus conocimientos para solucionar estos d\u00e9ficits. La reconstrucci\u00f3n mediante colgajos musculares permite cubrir defectos \u00f3seos y reemplazar defectos musculares. La aplicaci\u00f3n de t\u00e9cnicas de cobertura cut\u00e1nea nos da la posibilidad de recubrir zonas expuestas.<\/p>\n<p>La informaci\u00f3n contenida en esta p\u00e1gina en ning\u00fan caso puede, ni pretende, sustituir la informaci\u00f3n proporcionada individualmente por su cirujano pl\u00e1stico. En caso de duda, su cirujano pl\u00e1stico le proporcionar\u00e1 las aclaraciones oportunas. SSi usted est\u00e1 pensando en someterse a una intervenci\u00f3n de Cirug\u00eda Pl\u00e1stica o Est\u00e9tica, acuda a un Especialista en Cirug\u00eda Pl\u00e1stica, Reparadora y Est\u00e9tica.[\/vc_column_text][\/vc_tta_section][\/vc_tta_accordion][\/vc_column][\/vc_row][vc_row][vc_column][vc_empty_space height=&#8221;100px&#8221;][\/vc_column][\/vc_row][vc_row][vc_column width=&#8221;1\/4&#8243;][vc_btn title=&#8221;Microcirug\u00eda&#8221; style=&#8221;outline&#8221; shape=&#8221;round&#8221; color=&#8221;turquoise&#8221; align=&#8221;center&#8221; link=&#8221;url:https%3A%2F%2Fwww.alvarezyasociados.com%2Fhome%2F%3Fpage_id%3D357|||&#8221;][\/vc_column][vc_column width=&#8221;1\/4&#8243;][vc_btn title=&#8221;Malformaciones cong\u00e9nitas&#8221; style=&#8221;outline&#8221; shape=&#8221;round&#8221; color=&#8221;turquoise&#8221; align=&#8221;center&#8221;][\/vc_column][vc_column width=&#8221;1\/4&#8243;][vc_btn title=&#8221;Melanoma&#8221; style=&#8221;outline&#8221; shape=&#8221;round&#8221; color=&#8221;turquoise&#8221; align=&#8221;center&#8221; link=&#8221;url:https%3A%2F%2Fwww.alvarezyasociados.com%2Fhome%2F%3Fpage_id%3D416|||&#8221;][\/vc_column][vc_column width=&#8221;1\/4&#8243;][vc_btn title=&#8221;Quemaduras&#8221; style=&#8221;outline&#8221; shape=&#8221;round&#8221; color=&#8221;turquoise&#8221; align=&#8221;center&#8221;][\/vc_column][\/vc_row][vc_row][vc_column width=&#8221;1\/4&#8243;][vc_btn title=&#8221;Cirug\u00eda cr\u00e1neo-facial&#8221; style=&#8221;outline&#8221; shape=&#8221;round&#8221; color=&#8221;turquoise&#8221; align=&#8221;center&#8221; link=&#8221;|||&#8221;][\/vc_column][vc_column width=&#8221;1\/4&#8243;][vc_btn title=&#8221;Cirug\u00eda de la mano&#8221; style=&#8221;outline&#8221; shape=&#8221;round&#8221; color=&#8221;turquoise&#8221; align=&#8221;center&#8221;][\/vc_column][vc_column width=&#8221;1\/4&#8243;][vc_btn title=&#8221;Tejidos blandos&#8221; style=&#8221;outline&#8221; shape=&#8221;round&#8221; color=&#8221;turquoise&#8221; align=&#8221;center&#8221; link=&#8221;|||&#8221;][\/vc_column][vc_column width=&#8221;1\/4&#8243;][vc_btn title=&#8221;Reconstrucci\u00f3n mamaria&#8221; style=&#8221;outline&#8221; shape=&#8221;round&#8221; color=&#8221;turquoise&#8221; align=&#8221;center&#8221; link=&#8221;url:https%3A%2F%2Fwww.alvarezyasociados.com%2Fhome%2F%3Fpage_id%3D405|||&#8221;][\/vc_column][\/vc_row][vc_row][vc_column][vc_empty_space height=&#8221;60px&#8221;][\/vc_column][\/vc_row][vc_row][vc_column width=&#8221;1\/6&#8243; offset=&#8221;vc_col-lg-offset-2&#8243;][vc_btn title=&#8221;Pl\u00e1stica Reparadora&#8221; style=&#8221;custom&#8221; custom_background=&#8221;#6d6d6d&#8221; custom_text=&#8221;#ffffff&#8221; shape=&#8221;round&#8221; size=&#8221;sm&#8221; align=&#8221;center&#8221; link=&#8221;url:https%3A%2F%2Fwww.alvarezyasociados.com%2Fhome%2F%3Fpage_id%3D353|||&#8221;][\/vc_column][vc_column width=&#8221;1\/6&#8243;][vc_btn title=&#8221;Pl\u00e1stica Est\u00e9tica&#8221; style=&#8221;custom&#8221; custom_background=&#8221;#6d6d6d&#8221; custom_text=&#8221;#ffffff&#8221; shape=&#8221;round&#8221; size=&#8221;sm&#8221; align=&#8221;center&#8221; link=&#8221;url:https%3A%2F%2Fwww.alvarezyasociados.com%2Fhome%2F%3Fpage_id%3D359|||&#8221;][\/vc_column][vc_column width=&#8221;1\/6&#8243;][vc_btn title=&#8221;Est\u00e9tica y Nutrici\u00f3n&#8221; style=&#8221;custom&#8221; custom_background=&#8221;#6d6d6d&#8221; custom_text=&#8221;#ffffff&#8221; shape=&#8221;round&#8221; size=&#8221;sm&#8221; align=&#8221;center&#8221; link=&#8221;url:https%3A%2F%2Fwww.alvarezyasociados.com%2Fhome%2F%3Fpage_id%3D363|||&#8221;][\/vc_column][vc_column width=&#8221;1\/6&#8243;][vc_btn title=&#8221;Procedimientos Auxiliares&#8221; style=&#8221;custom&#8221; custom_background=&#8221;#6d6d6d&#8221; custom_text=&#8221;#ffffff&#8221; shape=&#8221;round&#8221; size=&#8221;sm&#8221; align=&#8221;center&#8221; link=&#8221;url:https%3A%2F%2Fwww.alvarezyasociados.com%2Fhome%2F%3Fpage_id%3D367|||&#8221;][\/vc_column][\/vc_row][vc_row][vc_column][vc_empty_space height=&#8221;160px&#8221;][\/vc_column][\/vc_row]<\/p>\n<\/div>","protected":false},"excerpt":{"rendered":"<p>[vc_row][vc_column][\/vc_column][\/vc_row][vc_row][vc_column][vc_empty_space][\/vc_column][\/vc_row][vc_row][vc_column][vc_tta_accordion style=&#8221;modern&#8221; shape=&#8221;square&#8221; color=&#8221;turquoise&#8221; active_section=&#8221;1&#8243;][vc_tta_section title=&#8221;Traumatismos de la extremidad inferior&#8221; tab_id=&#8221;1517484649648-c7d71861-e2a3&#8243;][vc_column_text] Los procedimientos m\u00e1s comunes en cirug\u00eda reconstructiva de la extremidad inferior son aquellos destinados a reparar traumatismos con exposici\u00f3n \u00f3sea. Las t\u00e9cnicas modernas han mejorado de forma importante la capacidad del cirujano de restaurar la funci\u00f3n y apariencia, incluso en da\u00f1os severos. Entre las [&hellip;]<\/p>\n","protected":false},"author":1,"featured_media":0,"parent":0,"menu_order":0,"comment_status":"closed","ping_status":"closed","template":"","meta":{"footnotes":""},"class_list":["post-384","page","type-page","status-publish","hentry"],"_links":{"self":[{"href":"https:\/\/www.alvarezyasociados.com\/home\/index.php?rest_route=\/wp\/v2\/pages\/384","targetHints":{"allow":["GET"]}}],"collection":[{"href":"https:\/\/www.alvarezyasociados.com\/home\/index.php?rest_route=\/wp\/v2\/pages"}],"about":[{"href":"https:\/\/www.alvarezyasociados.com\/home\/index.php?rest_route=\/wp\/v2\/types\/page"}],"author":[{"embeddable":true,"href":"https:\/\/www.alvarezyasociados.com\/home\/index.php?rest_route=\/wp\/v2\/users\/1"}],"replies":[{"embeddable":true,"href":"https:\/\/www.alvarezyasociados.com\/home\/index.php?rest_route=%2Fwp%2Fv2%2Fcomments&post=384"}],"version-history":[{"count":23,"href":"https:\/\/www.alvarezyasociados.com\/home\/index.php?rest_route=\/wp\/v2\/pages\/384\/revisions"}],"predecessor-version":[{"id":1370,"href":"https:\/\/www.alvarezyasociados.com\/home\/index.php?rest_route=\/wp\/v2\/pages\/384\/revisions\/1370"}],"wp:attachment":[{"href":"https:\/\/www.alvarezyasociados.com\/home\/index.php?rest_route=%2Fwp%2Fv2%2Fmedia&parent=384"}],"curies":[{"name":"wp","href":"https:\/\/api.w.org\/{rel}","templated":true}]}}