{"id":424,"date":"2018-01-31T17:01:08","date_gmt":"2018-01-31T17:01:08","guid":{"rendered":"http:\/\/dev.alvarezyasociados.com\/clinica-alvarez\/?page_id=424"},"modified":"2024-06-06T10:56:33","modified_gmt":"2024-06-06T10:56:33","slug":"nariz","status":"publish","type":"page","link":"https:\/\/www.alvarezyasociados.com\/home\/?page_id=424","title":{"rendered":"Nariz"},"content":{"rendered":"<div class=\"wpb-content-wrapper\"><p>[vc_row][vc_column]\t<!-- About Section -->\n\t<div class=\"about-section container-fluid no-left-padding no-right-padding\">\n\t\t<!-- Container -->\n\t\t<div class=\"container\">\n\t\t\t<div class=\"row\">\n\t\t\t\t\t\t\t\t\t\t<div class=\"col-md-8 col-sm-7 col-xs-12\">\n\t\t\t\t\t\t\t<div class=\"about-content\">\n\t\t\t\t\t\t\t\t<h5>Cirug\u00eda de la nariz<\/h5>\n\t\t\t\t\t\t\t\t\t\t<p>La rinoplastia es la cirug\u00eda que modifica la forma de la nariz, y es uno de los procedimientos quir\u00fargicos m\u00e1s frecuentemente realizados en cirug\u00eda pl\u00e1stica. La rinoplastia puede disminuir o aumentar el tama\u00f1o de la nariz, cambiar la forma de la punta o del dorso, estrechar los orificios nasales o cambiar el \u00e1ngulo entre la nariz y el labio superior. Tambi\u00e9n corrige los problemas cong\u00e9nitos, los traumatismos y algunos problemas respiratorios.<\/p>\n<p>Si usted esta considerando la posibilidad de someterse a una rinoplastia, obtendr\u00e1 informaci\u00f3n b\u00e1sica acerca de la cirug\u00eda, cu\u00e1ndo est\u00e1 indicada, c\u00f3mo se realiza y qu\u00e9 resultados se pueden esperar. Sin embargo, es imposible que todas sus preguntas queden contestadas, puesto que en gran parte dependen de factores personales y de las preferencias del cirujano pl\u00e1stico. Si no entiende algo, consulte a su cirujano pl\u00e1stico. <\/p>\n\t\t\t\t\t\t\t<\/div>\n\t\t\t\t\t\t<\/div>\n\t\t\t\t\t\t\t\t\t<\/div>\n\t\t<\/div><!-- Container \/- -->\n\t<\/div><!-- About Section -->\n\t[\/vc_column][\/vc_row][vc_row][vc_column][vc_empty_space][\/vc_column][\/vc_row][vc_row][vc_column][vc_tta_accordion style=&#8221;modern&#8221; shape=&#8221;square&#8221; color=&#8221;turquoise&#8221; active_section=&#8221;1&#8243;][vc_tta_section title=&#8221;\u00bfQui\u00e9n es el candidato ideal para someterse a una rinoplastia?&#8221; tab_id=&#8221;1517505570303-7739a08c-92b7&#8243;][vc_column_text]Los candidatos ideales para someterse a una rinoplastia son aquellas personas que buscan una mejor\u00eda, y no una perfecci\u00f3n absoluta, en su apariencia. Si usted posee un estado general de salud bueno, tiene una estabilidad psicol\u00f3gica, y es realista en sus expectativas, ser\u00e1 un buen candidato. La rinoplastia mejorar\u00e1 su apariencia y la confianza en uno mismo, pero no conseguir\u00e1 que nos parezcamos a otra persona o que nos traten de manera diferente. Antes de decidir si se va a realizar una rinoplastia piense qu\u00e9 quiere conseguir y disc\u00fatalo con su cirujano pl\u00e1stico.<\/p>\n<p>La edad tambi\u00e9n debe tenerse en cuenta. La mayor\u00eda de los cirujanos pl\u00e1sticos prefieren no realizar una rinoplastia hasta que no se haya dado el &#8220;estir\u00f3n&#8221;, es decir, hasta los 14 o 15 a\u00f1os en las ni\u00f1as y algo m\u00e1s para los ni\u00f1os. As\u00ed mismo, es importante considerar los ajustes emocionales y sociales de los adolescentes, y estar seguros de que son ellos, y no sus padres, los que quieren someterse a una rinoplastia.[\/vc_column_text][\/vc_tta_section][vc_tta_section title=&#8221;La cirug\u00eda&#8221; tab_id=&#8221;1517505570315-ab878b4b-7a05&#8243;][vc_column_text]<img decoding=\"async\" class=\"alignleft\" src=\"http:\/\/www.alvarezyasociados.com\/home\/images\/nariz1.png\" alt=\"\" align=\"left\" border=\"0\" \/><span style=\"font-size: 16px;\">La rinoplastia se realiza siempre en quir\u00f3fano, dentro de una cl\u00ednica u hospital. Normalmente, se permanece en la cl\u00ednica la noche tras la cirug\u00eda, d\u00e1ndose el alta al d\u00eda siguiente.\u00a0<\/span><\/p>\n<p><span style=\"font-size: 16px;\">La rinoplastia puede realizarse bajo anestesia local m\u00e1s sedaci\u00f3n, o lo que es m\u00e1s frecuente, con anestesia general, dependiendo de la complejidad de la cirug\u00eda y de las preferencias de su cirujano. Si se realiza con anestesia local m\u00e1s sedaci\u00f3n, el paciente se siente relajado y la nariz y sus alrededores est\u00e1n insensibles al dolor; con anestesia general el paciente est\u00e1 dormido durante la operaci\u00f3n.<\/span><\/p>\n<p><span style=\"font-size: 16px;\">Una rinoplastia suele durar entre 1 y 2 horas, aunque en casos complejos puede llevar m\u00e1s tiempo. Durante la cirug\u00eda, la piel de la nariz se separa de su soporte, compuesto por hueso y cart\u00edlago, que es esculpido con la forma deseada. Finalmente la piel es redistribuida sobre este nuevo soporte. Muchos cirujanos pl\u00e1sticos realizan este procedimiento desde dentro de la nariz, haciendo unas peque\u00f1as incisiones en el interior de los orificios nasales; otros prefieren hacer una rinoplastia abierta, sobre todo para los casos m\u00e1s complejos, en la que se realiza una peque\u00f1a incisi\u00f3n en la columela.\u00a0<\/span><\/p>\n<p><span style=\"font-size: 16px;\">Cuando se completa la cirug\u00eda, se coloca una escayola de yeso u otro material, que ayudar\u00e1 a mantener la nueva forma de la nariz. Tambi\u00e9n se colocan tapones nasales en ambos orificios para evitar el sangrado y estabilizar el tabique nasal.\u00a0<\/span>[\/vc_column_text][\/vc_tta_section][vc_tta_section title=&#8221;La vuelta a la normalidad&#8221; tab_id=&#8221;1517505682243-358ff933-8987&#8243;][vc_column_text]<img decoding=\"async\" class=\"alignleft\" src=\"http:\/\/www.alvarezyasociados.com\/home\/images\/nariz2.png\" alt=\"\" align=\"left\" border=\"0\" \/><span style=\"font-size: 16px;\">Tras la cirug\u00eda, y sobre todo, durante las primeras 24 horas, puede sentir la cara hinchada, molestias sobre la nariz y dolor de cabeza, que ceden con medicaci\u00f3n. Debe permanecer tumbado con la cabeza elevada durante el primer d\u00eda (excepto para ir al ba\u00f1o). Notar\u00e1 que el hinchaz\u00f3n y los hematomas alrededor de los ojos aumentan hasta alcanzar un m\u00e1ximo a los 2 \u00f3 3 d\u00edas. Aplic\u00e1ndose compresas fr\u00edas disminuir\u00e1 la hinchaz\u00f3n y se encontrar\u00e1 mejor. En cualquier caso, se sentir\u00e1 mejor de lo que pueda parecer por su aspecto. La mayor\u00eda de los hematomas y de la hinchaz\u00f3n desaparecer\u00e1n en unas 2 semanas (un m\u00ednimo hinchaz\u00f3n, pr\u00e1cticamente s\u00f3lo perceptible por su cirujano, podr\u00e1 durar unos meses). Es normal que durante los primeros d\u00edas se produzca un ligero sangrado por la nariz. No deber\u00e1 sonarse la nariz con fuerza durante una semana, m\u00e1s o menos, hasta que los tejidos cicatricen. Si tiene tapones en la nariz, \u00e9stos ser\u00e1n retirados en 1 \u00f3 2 d\u00edas, tras lo cual se encontrar\u00e1 mucho mejor. Despu\u00e9s de una semana, o como mucho dos, se le retirar\u00e1 la escayola, y los puntos de piel, si es que tiene.<\/span><\/p>\n<p><span style=\"font-size: 16px;\">La mayor\u00eda de los pacientes que se someten a una rinoplastia se encuentran bien en 2 d\u00edas, siendo capaces de volver al trabajo o al colegio en una semana m\u00e1s o menos. Sin embargo, no se deber\u00e1n realizar algunas actividades hasta que no pasen algunas semanas. Aunque su cirujano pl\u00e1stico le proporcionar\u00e1 instrucciones concretas, algunas recomendaciones son: evite actividades extenuantes (footing, nataci\u00f3n, hacer flexiones,&#8230;) durante 2 a 3 semanas, evite golpes en la nariz y tomar el sol durante 8 semanas, l\u00e1vese la cara y apl\u00edquese maquillaje con cuidado. Puede volver a colocarse lentillas tan pronto como quiera, pero si lleva gafas debe tomar ciertas precauciones. Su cirujano pl\u00e1stico le ir\u00e1 viendo durante los meses siguientes a la cirug\u00eda para ver la evoluci\u00f3n. Si tuviese alguna molestia entre visitas o alguna duda sobre lo que debe o no hacer, no dude en llamarle.\u00a0<\/span>[\/vc_column_text][\/vc_tta_section][vc_tta_section title=&#8221;\u00bfExisten riesgos?\u00bfHay garant\u00edas?&#8221; tab_id=&#8221;1517505684200-fd0b868f-5a67&#8243;][vc_column_text]Cuando la rinoplastia es realizada por un cirujano pl\u00e1stico cualificado las complicaciones son infrecuentes y de poca importancia. No obstante, siempre existen posibilidades de complicaciones, como infecci\u00f3n, sangrado por la nariz o reacciones a la anestesia. Se pueden minimizar los riesgos siguiendo de manera cuidadosa las instrucciones de su cirujano pl\u00e1stico, tanto antes como despu\u00e9s de la cirug\u00eda. En ocasiones, tras la cirug\u00eda pueden aparecer peque\u00f1os puntitos rojos sobre la piel, que son peque\u00f1os vasos rotos; generalmente son muy peque\u00f1os, pero son permanentes. No hay problemas relacionados con las cicatrices, ya que las incisiones est\u00e1n en el interior de la nariz; incluso en la rinoplastia abierta la cicatriz es imperceptible. Aproximadamente, en 1 de cada 10 casos es preciso realizar una revisi\u00f3n quir\u00fargica para corregir defectos menores. Esos casos son impredecibles y ocurren incluso a los pacientes de los cirujanos pl\u00e1sticos con m\u00e1s experiencia.[\/vc_column_text][\/vc_tta_section][vc_tta_section title=&#8221;Los resultados&#8221; tab_id=&#8221;1517505789188-ab87cac7-148c&#8221;][vc_column_text]Durante los primeros d\u00edas despu\u00e9s de la cirug\u00eda, cuando la cara est\u00e1 hinchada y con hematomas, es f\u00e1cil olvidarse de que nuestro aspecto va a mejorar y muchos pacientes pueden sentirse algo deprimidos; es un sentimiento normal. D\u00eda a d\u00eda el aspecto mejora y el paciente comienza a sentirse m\u00e1s contento. En 1 \u00f3 2 semanas, no parecer\u00e1 que usted se haya sometido a una cirug\u00eda. La mejor\u00eda es progresiva y gradual, aunque un m\u00ednimo hinchaz\u00f3n puede mantenerse, sobre todo en la punta, durante unos meses. El resultado definitivo se obtiene en 1 a\u00f1o aproximadamente[\/vc_column_text][\/vc_tta_section][vc_tta_section title=&#8221;Cirug\u00eda est\u00e9tica de la nariz: resumen&#8221; tab_id=&#8221;1517505789919-3dfafcab-6281&#8243;][vc_column_text]La rinoplastia es la intervenci\u00f3n quir\u00fargica que se practica para corregir las deformidades de la nariz. Consiste, fundamentalmente, en modificar las estructuras \u00f3seas y cartilaginosas nasales para conseguir una nueva forma que mejore la armon\u00eda facial. Cuando, adem\u00e1s se corrige la desviaci\u00f3n del tabique nasal para mejorar la funci\u00f3n respiratoria se denomina rinoseptoplastia.<\/p>\n<p>La operaci\u00f3n, que se realiza habitualmente bajo anestesia general o, en casos seleccionados, con anestesia local y sedaci\u00f3n, comienza abordando la nariz a trav\u00e9s de incisiones internas, de tal forma que no hay ninguna cicatriz externa visible. El cirujano corta y modela los huesos y cart\u00edlagos nasales para conseguir la forma deseada. En algunas ocasiones se realizan, adem\u00e1s, unas incisiones en la base de los orificios nasales. Para ayudar a dar forma o sost\u00e9n a la pir\u00e1mide nasal es frecuente que se utilicen como injertos diferentes tejidos del propio paciente (cart\u00edlago, hueso) o, m\u00e1s raramente, materiales sint\u00e9ticos.<\/p>\n<p>Despu\u00e9s de la intervenci\u00f3n, que suele durar una hora aproximadamente, se coloca un taponamiento nasal que se suele retirar al d\u00eda siguiente, excepto si se ha realizado una septoplastia en cuyo caso se deja dos o tres d\u00edas. Asimismo, se aplica sobre la nariz una f\u00e9rula de escayola que se mantiene durante una semana.<\/p>\n<p>Es habitual cierto edema postoperatorio y la presencia de equimosis (cardenales) que suelen ceder al cabo de una semana. La mayor parte de los pacientes podr\u00e1n reincorporarse a su vida normal en unos 8-10 d\u00edas.<\/p>\n<p>No se puede emitir un juicio sobre el resultado de una rinoplastia hasta que no hayan transcurrido varios meses, incluso un a\u00f1o. Este es el tiempo que precisan los tejidos para estabilizarse y las cicatrices para realizar su proceso de maduraci\u00f3n. La intenci\u00f3n de la rinoplastia es que la &#8220;nueva&#8221; nariz no llame la atenci\u00f3n, y se integre plenamente en el contexto general de la cara produciendo un conjunto arm\u00f3nico y agradable, es decir, que no se detecte que ha sido intervenida.<\/p>\n<p>En alguna ocasi\u00f3n, ya sea por graves alteraciones anat\u00f3micas iniciales, por trastornos en la cicatrizaci\u00f3n de los tejidos, por traumatismos postoperatorios, etc., no se consigue la perfecci\u00f3n del resultado (asimetr\u00edas, irregularidades en el contorno nasal, etc. ) por lo que puede ser necesario un retoque quir\u00fargico que en tal caso se realizar\u00e1 a partir de los seis meses.[\/vc_column_text][\/vc_tta_section][\/vc_tta_accordion][\/vc_column][\/vc_row][vc_row][vc_column][vc_empty_space height=&#8221;100px&#8221;][\/vc_column][\/vc_row][vc_row][vc_column width=&#8221;1\/4&#8243;][vc_btn title=&#8221;P\u00e1rpados y bolsas&#8221; style=&#8221;outline&#8221; shape=&#8221;round&#8221; color=&#8221;turquoise&#8221; align=&#8221;center&#8221; link=&#8221;url:https%3A%2F%2Fwww.alvarezyasociados.com%2Fhome%2F%3Fpage_id%3D422|||&#8221;][\/vc_column][vc_column width=&#8221;1\/4&#8243;][vc_btn title=&#8221;Orejas&#8221; style=&#8221;outline&#8221; shape=&#8221;round&#8221; color=&#8221;turquoise&#8221; align=&#8221;center&#8221; link=&#8221;url:https%3A%2F%2Fwww.alvarezyasociados.com%2Fhome%2F%3Fpage_id%3D361|||&#8221;][\/vc_column][vc_column width=&#8221;1\/4&#8243;][vc_btn title=&#8221;Ment\u00f3n&#8221; style=&#8221;outline&#8221; shape=&#8221;round&#8221; color=&#8221;turquoise&#8221; align=&#8221;center&#8221;][\/vc_column][vc_column width=&#8221;1\/4&#8243;][vc_btn title=&#8221;P\u00f3mulos&#8221; style=&#8221;outline&#8221; shape=&#8221;round&#8221; color=&#8221;turquoise&#8221; align=&#8221;center&#8221;][\/vc_column][\/vc_row][vc_row][vc_column width=&#8221;1\/4&#8243;][vc_btn title=&#8221;Lifting c\u00e9rvico-facial&#8221; style=&#8221;outline&#8221; shape=&#8221;round&#8221; color=&#8221;turquoise&#8221; align=&#8221;center&#8221; link=&#8221;url:https%3A%2F%2Fwww.alvarezyasociados.com%2Fhome%2F%3Fpage_id%3D430|||&#8221;][\/vc_column][vc_column width=&#8221;1\/4&#8243;][vc_btn title=&#8221;Mamas&#8221; style=&#8221;outline&#8221; shape=&#8221;round&#8221; color=&#8221;turquoise&#8221; align=&#8221;center&#8221; link=&#8221;|||&#8221;][\/vc_column][vc_column width=&#8221;1\/4&#8243;][vc_btn title=&#8221;Abdominoplastia&#8221; style=&#8221;outline&#8221; shape=&#8221;round&#8221; color=&#8221;turquoise&#8221; align=&#8221;center&#8221; link=&#8221;url:https%3A%2F%2Fwww.alvarezyasociados.com%2Fhome%2F%3Fpage_id%3D434|||&#8221;][\/vc_column][vc_column width=&#8221;1\/4&#8243;][vc_btn title=&#8221;Liposucci\u00f3n y lipoescultura&#8221; style=&#8221;outline&#8221; shape=&#8221;round&#8221; color=&#8221;turquoise&#8221; align=&#8221;center&#8221;][\/vc_column][\/vc_row][vc_row][vc_column width=&#8221;1\/3&#8243; offset=&#8221;vc_col-lg-offset-4&#8243;][vc_btn title=&#8221;Lifting muslos, gl\u00fateos y brazos&#8221; style=&#8221;outline&#8221; shape=&#8221;round&#8221; color=&#8221;turquoise&#8221; align=&#8221;center&#8221; link=&#8221;|||&#8221;][\/vc_column][\/vc_row][vc_row][vc_column][vc_empty_space height=&#8221;60px&#8221;][\/vc_column][\/vc_row][vc_row][vc_column width=&#8221;1\/6&#8243; offset=&#8221;vc_col-lg-offset-2&#8243;][vc_btn title=&#8221;Pl\u00e1stica Reparadora&#8221; style=&#8221;custom&#8221; custom_background=&#8221;#6d6d6d&#8221; custom_text=&#8221;#ffffff&#8221; shape=&#8221;round&#8221; size=&#8221;sm&#8221; align=&#8221;center&#8221; link=&#8221;url:https%3A%2F%2Fwww.alvarezyasociados.com%2Fhome%2F%3Fpage_id%3D353|||&#8221;][\/vc_column][vc_column width=&#8221;1\/6&#8243;][vc_btn title=&#8221;Pl\u00e1stica Est\u00e9tica&#8221; style=&#8221;custom&#8221; custom_background=&#8221;#6d6d6d&#8221; custom_text=&#8221;#ffffff&#8221; shape=&#8221;round&#8221; size=&#8221;sm&#8221; align=&#8221;center&#8221; link=&#8221;url:https%3A%2F%2Fwww.alvarezyasociados.com%2Fhome%2F%3Fpage_id%3D359|||&#8221;][\/vc_column][vc_column width=&#8221;1\/6&#8243;][vc_btn title=&#8221;Est\u00e9tica y Nutrici\u00f3n&#8221; style=&#8221;custom&#8221; custom_background=&#8221;#6d6d6d&#8221; custom_text=&#8221;#ffffff&#8221; shape=&#8221;round&#8221; size=&#8221;sm&#8221; align=&#8221;center&#8221; link=&#8221;url:https%3A%2F%2Fwww.alvarezyasociados.com%2Fhome%2F%3Fpage_id%3D363|||&#8221;][\/vc_column][vc_column width=&#8221;1\/6&#8243;][vc_btn title=&#8221;Procedimientos Auxiliares&#8221; style=&#8221;custom&#8221; custom_background=&#8221;#6d6d6d&#8221; custom_text=&#8221;#ffffff&#8221; shape=&#8221;round&#8221; size=&#8221;sm&#8221; align=&#8221;center&#8221; link=&#8221;url:https%3A%2F%2Fwww.alvarezyasociados.com%2Fhome%2F%3Fpage_id%3D367|||&#8221;][\/vc_column][\/vc_row][vc_row][vc_column][vc_empty_space height=&#8221;160px&#8221;][\/vc_column][\/vc_row]<\/p>\n<\/div>","protected":false},"excerpt":{"rendered":"<p>[vc_row][vc_column][\/vc_column][\/vc_row][vc_row][vc_column][vc_empty_space][\/vc_column][\/vc_row][vc_row][vc_column][vc_tta_accordion style=&#8221;modern&#8221; shape=&#8221;square&#8221; color=&#8221;turquoise&#8221; active_section=&#8221;1&#8243;][vc_tta_section title=&#8221;\u00bfQui\u00e9n es el candidato ideal para someterse a una rinoplastia?&#8221; tab_id=&#8221;1517505570303-7739a08c-92b7&#8243;][vc_column_text]Los candidatos ideales para someterse a una rinoplastia son aquellas personas que buscan una mejor\u00eda, y no una perfecci\u00f3n absoluta, en su apariencia. Si usted posee un estado general de salud bueno, tiene una estabilidad psicol\u00f3gica, y es realista en [&hellip;]<\/p>\n","protected":false},"author":1,"featured_media":0,"parent":0,"menu_order":0,"comment_status":"closed","ping_status":"closed","template":"","meta":{"footnotes":""},"class_list":["post-424","page","type-page","status-publish","hentry"],"_links":{"self":[{"href":"https:\/\/www.alvarezyasociados.com\/home\/index.php?rest_route=\/wp\/v2\/pages\/424","targetHints":{"allow":["GET"]}}],"collection":[{"href":"https:\/\/www.alvarezyasociados.com\/home\/index.php?rest_route=\/wp\/v2\/pages"}],"about":[{"href":"https:\/\/www.alvarezyasociados.com\/home\/index.php?rest_route=\/wp\/v2\/types\/page"}],"author":[{"embeddable":true,"href":"https:\/\/www.alvarezyasociados.com\/home\/index.php?rest_route=\/wp\/v2\/users\/1"}],"replies":[{"embeddable":true,"href":"https:\/\/www.alvarezyasociados.com\/home\/index.php?rest_route=%2Fwp%2Fv2%2Fcomments&post=424"}],"version-history":[{"count":7,"href":"https:\/\/www.alvarezyasociados.com\/home\/index.php?rest_route=\/wp\/v2\/pages\/424\/revisions"}],"predecessor-version":[{"id":1377,"href":"https:\/\/www.alvarezyasociados.com\/home\/index.php?rest_route=\/wp\/v2\/pages\/424\/revisions\/1377"}],"wp:attachment":[{"href":"https:\/\/www.alvarezyasociados.com\/home\/index.php?rest_route=%2Fwp%2Fv2%2Fmedia&parent=424"}],"curies":[{"name":"wp","href":"https:\/\/api.w.org\/{rel}","templated":true}]}}